{"id":182,"date":"2014-04-09T10:28:09","date_gmt":"2014-04-09T10:28:09","guid":{"rendered":"http:\/\/astroanama.com\/hr\/?page_id=182"},"modified":"2021-11-07T03:32:33","modified_gmt":"2021-11-07T02:32:33","slug":"projekt-zagrli-me-i-kreni-dalje","status":"publish","type":"page","link":"https:\/\/astroanama.com\/hr\/projekt-zagrli-me-i-kreni-dalje\/","title":{"rendered":"Projekt \u201cZAGRLI ME I KRENI DALJE\u201d"},"content":{"rendered":"\t\t<div data-elementor-type=\"wp-page\" data-elementor-id=\"182\" class=\"elementor elementor-182\" data-elementor-post-type=\"page\">\n\t\t\t\t\t\t<section class=\"elementor-section elementor-top-section elementor-element elementor-element-70b0b25c elementor-section-stretched elementor-section-boxed elementor-section-height-default elementor-section-height-default\" data-id=\"70b0b25c\" data-element_type=\"section\" data-settings=\"{&quot;stretch_section&quot;:&quot;section-stretched&quot;}\">\n\t\t\t\t\t\t<div class=\"elementor-container elementor-column-gap-default\">\n\t\t\t\t\t<div class=\"elementor-column elementor-col-100 elementor-top-column elementor-element elementor-element-2f4ed5d1\" data-id=\"2f4ed5d1\" data-element_type=\"column\">\n\t\t\t<div class=\"elementor-widget-wrap elementor-element-populated\">\n\t\t\t\t\t\t<div class=\"elementor-element elementor-element-2785c06 elementor-widget elementor-widget-spacer\" data-id=\"2785c06\" data-element_type=\"widget\" data-widget_type=\"spacer.default\">\n\t\t\t\t<div class=\"elementor-widget-container\">\n\t\t\t\t\t\t\t<div class=\"elementor-spacer\">\n\t\t\t<div class=\"elementor-spacer-inner\"><\/div>\n\t\t<\/div>\n\t\t\t\t\t\t<\/div>\n\t\t\t\t<\/div>\n\t\t\t\t<div class=\"elementor-element elementor-element-7d2b89c elementor-widget elementor-widget-heading\" data-id=\"7d2b89c\" data-element_type=\"widget\" data-widget_type=\"heading.default\">\n\t\t\t\t<div class=\"elementor-widget-container\">\n\t\t\t\t\t<h2 class=\"elementor-heading-title elementor-size-default\">Projekt \"Zagrli me i kreni dalje\"<\/h2>\t\t\t\t<\/div>\n\t\t\t\t<\/div>\n\t\t\t\t<div class=\"elementor-element elementor-element-2b2d093 elementor-widget elementor-widget-spacer\" data-id=\"2b2d093\" data-element_type=\"widget\" data-widget_type=\"spacer.default\">\n\t\t\t\t<div class=\"elementor-widget-container\">\n\t\t\t\t\t\t\t<div class=\"elementor-spacer\">\n\t\t\t<div class=\"elementor-spacer-inner\"><\/div>\n\t\t<\/div>\n\t\t\t\t\t\t<\/div>\n\t\t\t\t<\/div>\n\t\t\t\t<div class=\"elementor-element elementor-element-5b58c878 elementor-widget elementor-widget-text-editor\" data-id=\"5b58c878\" data-element_type=\"widget\" data-widget_type=\"text-editor.default\">\n\t\t\t\t<div class=\"elementor-widget-container\">\n\t\t\t\t\t\t\t\t\t<p>Projekt <strong>\u201eZagrli me i kreni dalje!\u201c<\/strong> osmislila je astrologinja <strong>Ana Malenica<\/strong> iz Ljubljane. Ideja za projekt rezultat je gotovo \u010detrdeset godina rada astrologinje Ane i temelji se na njezinoj dubokoj ljubavi prema \u010dovjeku, kao i potrebi da u\u010dini ne\u0161to vi\u0161e za ljude. Svojom idejom impresionirala je i privukla sudjelovanje ostalih \u010dlanova udruge APIS, koji su zajedno odlu\u010dili provesti projekt. Pa smo po\u010deli s malim zagrljajem, sada malim koracima, a ovdje smo sa \u017eeljom da i uz va\u0161u podr\u0161ku postanemo veliki zagrljaj!<\/p><p>Projekt <strong>\u201eZagrli me i kreni dalje!\u201c<\/strong> projekt je u kojem ljudi stope zajedno i grle se. To je jedan veliki grupni zagrljaj ljudi koji ne brinu o okoli\u0161u, planeti Zemlji, ljudima i svim ostalim stvorenjima na planeti. Grupnim zagrljajem \u017eelimo pokazati da nam je stalo do ne\u010dega tako malog i jednostavnog kao \u0161to je zagrljaj. Ne grlimo ljude dovoljno, iako je Zagrljaj ne\u0161to \u0161to okuplja ljude i ne\u0161to najljep\u0161e \u0161to \u010dovjek mo\u017ee dobiti i dati, a da za to ne mora ni\u0161ta \u017ertvovati.<\/p>\t\t\t\t\t\t\t\t<\/div>\n\t\t\t\t<\/div>\n\t\t\t\t<div class=\"elementor-element elementor-element-55c2552 elementor-widget elementor-widget-spacer\" data-id=\"55c2552\" data-element_type=\"widget\" data-widget_type=\"spacer.default\">\n\t\t\t\t<div class=\"elementor-widget-container\">\n\t\t\t\t\t\t\t<div class=\"elementor-spacer\">\n\t\t\t<div class=\"elementor-spacer-inner\"><\/div>\n\t\t<\/div>\n\t\t\t\t\t\t<\/div>\n\t\t\t\t<\/div>\n\t\t\t\t<div class=\"elementor-element elementor-element-cce2ae6 elementor-widget elementor-widget-image\" data-id=\"cce2ae6\" data-element_type=\"widget\" data-widget_type=\"image.default\">\n\t\t\t\t<div class=\"elementor-widget-container\">\n\t\t\t\t\t\t\t\t\t\t\t\t\t\t\t<img fetchpriority=\"high\" decoding=\"async\" width=\"720\" height=\"482\" src=\"https:\/\/astroanama.com\/hr\/wp-content\/uploads\/sites\/2\/2021\/07\/35457_132528013433791_3024721_n.jpg\" class=\"attachment-full size-full wp-image-5781\" alt=\"Objemi me 4\" srcset=\"https:\/\/astroanama.com\/hr\/wp-content\/uploads\/sites\/2\/2021\/07\/35457_132528013433791_3024721_n.jpg 720w, https:\/\/astroanama.com\/hr\/wp-content\/uploads\/sites\/2\/2021\/07\/35457_132528013433791_3024721_n-300x201.jpg 300w, https:\/\/astroanama.com\/hr\/wp-content\/uploads\/sites\/2\/2021\/07\/35457_132528013433791_3024721_n-16x12.jpg 16w, https:\/\/astroanama.com\/hr\/wp-content\/uploads\/sites\/2\/2021\/07\/35457_132528013433791_3024721_n-600x402.jpg 600w\" sizes=\"(max-width: 720px) 100vw, 720px\" \/>\t\t\t\t\t\t\t\t\t\t\t\t\t\t\t<\/div>\n\t\t\t\t<\/div>\n\t\t\t\t<div class=\"elementor-element elementor-element-a3a1494 elementor-widget elementor-widget-spacer\" data-id=\"a3a1494\" data-element_type=\"widget\" data-widget_type=\"spacer.default\">\n\t\t\t\t<div class=\"elementor-widget-container\">\n\t\t\t\t\t\t\t<div class=\"elementor-spacer\">\n\t\t\t<div class=\"elementor-spacer-inner\"><\/div>\n\t\t<\/div>\n\t\t\t\t\t\t<\/div>\n\t\t\t\t<\/div>\n\t\t\t\t<div class=\"elementor-element elementor-element-a886b53 elementor-widget elementor-widget-heading\" data-id=\"a886b53\" data-element_type=\"widget\" data-widget_type=\"heading.default\">\n\t\t\t\t<div class=\"elementor-widget-container\">\n\t\t\t\t\t<h2 class=\"elementor-heading-title elementor-size-default\">Svrha velikog zagrljaja ...<\/h2>\t\t\t\t<\/div>\n\t\t\t\t<\/div>\n\t\t\t\t<div class=\"elementor-element elementor-element-99b7501 elementor-widget elementor-widget-text-editor\" data-id=\"99b7501\" data-element_type=\"widget\" data-widget_type=\"text-editor.default\">\n\t\t\t\t<div class=\"elementor-widget-container\">\n\t\t\t\t\t\t\t\t\t<p>&#8230; je li to da u isto vrijeme dok se okupljamo u Zagrljaju u odre\u0111eni sat, \u0161aljemo u Svemir svoje pozitivne misli za bolju budu\u0107nost svih nas. \u017delimo pokazati svoju svijest da nas nije briga \u0161to \u0107e se dogoditi s na\u0161im planetom. Sigurni smo da \u0107e nas i Univerzum prigrliti kad osjeti na\u0161u ujedinjenu energiju. Tako malim i jednostavnim \u010dinom kao \u0161to je zagrljaj, \u017eelimo pokazati da smo mi Slovenci kao nacija sposobni okupiti se iz tako skromnog razloga i od toga napraviti ne\u0161to veli\u010danstveno.<\/p>\t\t\t\t\t\t\t\t<\/div>\n\t\t\t\t<\/div>\n\t\t\t\t<div class=\"elementor-element elementor-element-4f93209 elementor-widget elementor-widget-spacer\" data-id=\"4f93209\" data-element_type=\"widget\" data-widget_type=\"spacer.default\">\n\t\t\t\t<div class=\"elementor-widget-container\">\n\t\t\t\t\t\t\t<div class=\"elementor-spacer\">\n\t\t\t<div class=\"elementor-spacer-inner\"><\/div>\n\t\t<\/div>\n\t\t\t\t\t\t<\/div>\n\t\t\t\t<\/div>\n\t\t\t\t<div class=\"elementor-element elementor-element-a08b1cd elementor-widget elementor-widget-heading\" data-id=\"a08b1cd\" data-element_type=\"widget\" data-widget_type=\"heading.default\">\n\t\t\t\t<div class=\"elementor-widget-container\">\n\t\t\t\t\t<h2 class=\"elementor-heading-title elementor-size-default\">\u00bbZagrli me i kreni dalje!\u00ab prvi put u Tivoliju, Ljubljana<\/h2>\t\t\t\t<\/div>\n\t\t\t\t<\/div>\n\t\t\t\t<div class=\"elementor-element elementor-element-e530d60 elementor-widget elementor-widget-text-editor\" data-id=\"e530d60\" data-element_type=\"widget\" data-widget_type=\"text-editor.default\">\n\t\t\t\t<div class=\"elementor-widget-container\">\n\t\t\t\t\t\t\t\t\t<p>Prvi grupni zagrljaj prvi je put organiziran u sklopu 4. Lunarnog festivala &#8211; Dana djeteta, koji se odr\u017eao u ljubljanskom parku Tivoli,\u00a0 12. lipnja 2010. Zajedno s voditeljicom festivala <strong>Barbarom Zonta<\/strong> dogovorili smo se da svoj veliki zagrljaj izvedemo kao dio njihovog programa. Tako smo se to\u010dno u 12 sati svi okupili pod velikom pozornicom festivala. U\u0161li smo u krug, uhvatili se za ruke i zajedno zagrlili. Uputili smo svoje pozitivne misli u svemir i po\u017eeljeli sve lijepo cijelom planetu.<\/p>\t\t\t\t\t\t\t\t<\/div>\n\t\t\t\t<\/div>\n\t\t\t\t<div class=\"elementor-element elementor-element-62b69c9 elementor-widget elementor-widget-spacer\" data-id=\"62b69c9\" data-element_type=\"widget\" data-widget_type=\"spacer.default\">\n\t\t\t\t<div class=\"elementor-widget-container\">\n\t\t\t\t\t\t\t<div class=\"elementor-spacer\">\n\t\t\t<div class=\"elementor-spacer-inner\"><\/div>\n\t\t<\/div>\n\t\t\t\t\t\t<\/div>\n\t\t\t\t<\/div>\n\t\t\t\t\t<\/div>\n\t\t<\/div>\n\t\t\t\t\t<\/div>\n\t\t<\/section>\n\t\t\t\t<section class=\"elementor-section elementor-top-section elementor-element elementor-element-1080455 elementor-section-boxed elementor-section-height-default elementor-section-height-default\" data-id=\"1080455\" data-element_type=\"section\">\n\t\t\t\t\t\t<div class=\"elementor-container elementor-column-gap-default\">\n\t\t\t\t\t<div class=\"elementor-column elementor-col-100 elementor-top-column elementor-element elementor-element-9002725\" data-id=\"9002725\" data-element_type=\"column\">\n\t\t\t<div class=\"elementor-widget-wrap elementor-element-populated\">\n\t\t\t\t\t\t<div class=\"elementor-element elementor-element-d8b47e6 elementor-pagination-position-outside elementor-widget elementor-widget-image-carousel\" data-id=\"d8b47e6\" data-element_type=\"widget\" data-settings=\"{&quot;slides_to_show&quot;:&quot;2&quot;,&quot;image_spacing_custom&quot;:{&quot;unit&quot;:&quot;px&quot;,&quot;size&quot;:4,&quot;sizes&quot;:[]},&quot;slides_to_scroll_mobile&quot;:&quot;1&quot;,&quot;navigation&quot;:&quot;dots&quot;,&quot;autoplay&quot;:&quot;yes&quot;,&quot;pause_on_hover&quot;:&quot;yes&quot;,&quot;pause_on_interaction&quot;:&quot;yes&quot;,&quot;autoplay_speed&quot;:5000,&quot;infinite&quot;:&quot;yes&quot;,&quot;speed&quot;:500,&quot;image_spacing_custom_tablet&quot;:{&quot;unit&quot;:&quot;px&quot;,&quot;size&quot;:&quot;&quot;,&quot;sizes&quot;:[]},&quot;image_spacing_custom_mobile&quot;:{&quot;unit&quot;:&quot;px&quot;,&quot;size&quot;:&quot;&quot;,&quot;sizes&quot;:[]}}\" data-widget_type=\"image-carousel.default\">\n\t\t\t\t<div class=\"elementor-widget-container\">\n\t\t\t\t\t\t\t<div class=\"elementor-image-carousel-wrapper swiper\" role=\"region\" aria-roledescription=\"carousel\" aria-label=\"Vrtuljak slika\" dir=\"ltr\">\n\t\t\t<div class=\"elementor-image-carousel swiper-wrapper\" aria-live=\"off\">\n\t\t\t\t\t\t\t\t<div class=\"swiper-slide\" role=\"group\" aria-roledescription=\"slide\" aria-label=\"1 od 6\"><figure class=\"swiper-slide-inner\"><img decoding=\"async\" class=\"swiper-slide-image\" src=\"https:\/\/astroanama.com\/hr\/wp-content\/uploads\/sites\/2\/2021\/07\/35457_132527996767126_4331055_n.jpg\" alt=\"Objemi me 6\" \/><\/figure><\/div><div class=\"swiper-slide\" role=\"group\" aria-roledescription=\"slide\" aria-label=\"2 od 6\"><figure class=\"swiper-slide-inner\"><img decoding=\"async\" class=\"swiper-slide-image\" src=\"https:\/\/astroanama.com\/hr\/wp-content\/uploads\/sites\/2\/2021\/07\/35457_132528010100458_332701_n.jpg\" alt=\"Objemi me 5\" \/><\/figure><\/div><div class=\"swiper-slide\" role=\"group\" aria-roledescription=\"slide\" aria-label=\"3 od 6\"><figure class=\"swiper-slide-inner\"><img decoding=\"async\" class=\"swiper-slide-image\" src=\"https:\/\/astroanama.com\/hr\/wp-content\/uploads\/sites\/2\/2021\/07\/35457_132528013433791_3024721_n.jpg\" alt=\"Objemi me 4\" \/><\/figure><\/div><div class=\"swiper-slide\" role=\"group\" aria-roledescription=\"slide\" aria-label=\"4 od 6\"><figure class=\"swiper-slide-inner\"><img decoding=\"async\" class=\"swiper-slide-image\" src=\"https:\/\/astroanama.com\/hr\/wp-content\/uploads\/sites\/2\/2021\/07\/35457_132528016767124_3790088_n.jpg\" alt=\"Objemi me 3\" \/><\/figure><\/div><div class=\"swiper-slide\" role=\"group\" aria-roledescription=\"slide\" aria-label=\"5 od 6\"><figure class=\"swiper-slide-inner\"><img decoding=\"async\" class=\"swiper-slide-image\" src=\"https:\/\/astroanama.com\/hr\/wp-content\/uploads\/sites\/2\/2021\/07\/35457_132528020100457_4862511_n.jpg\" alt=\"Objemi me 2\" \/><\/figure><\/div><div class=\"swiper-slide\" role=\"group\" aria-roledescription=\"slide\" aria-label=\"6 od 6\"><figure class=\"swiper-slide-inner\"><img decoding=\"async\" class=\"swiper-slide-image\" src=\"https:\/\/astroanama.com\/hr\/wp-content\/uploads\/sites\/2\/2021\/07\/35457_132528540100405_435593_n.jpg\" alt=\"Objemi me 1\" \/><\/figure><\/div>\t\t\t<\/div>\n\t\t\t\t\t\t\t\n\t\t\t\t\t\t\t\t\t<div class=\"swiper-pagination\"><\/div>\n\t\t\t\t\t\t\t\t\t<\/div>\n\t\t\t\t\t\t<\/div>\n\t\t\t\t<\/div>\n\t\t\t\t<div class=\"elementor-element elementor-element-4bb2f49 elementor-widget elementor-widget-spacer\" data-id=\"4bb2f49\" data-element_type=\"widget\" data-widget_type=\"spacer.default\">\n\t\t\t\t<div class=\"elementor-widget-container\">\n\t\t\t\t\t\t\t<div class=\"elementor-spacer\">\n\t\t\t<div class=\"elementor-spacer-inner\"><\/div>\n\t\t<\/div>\n\t\t\t\t\t\t<\/div>\n\t\t\t\t<\/div>\n\t\t\t\t\t<\/div>\n\t\t<\/div>\n\t\t\t\t\t<\/div>\n\t\t<\/section>\n\t\t\t\t<\/div>\n\t\t","protected":false},"excerpt":{"rendered":"<p>Projekt &#8220;Zagrli me i kreni dalje&#8221; Projekt \u201eZagrli me i kreni dalje!\u201c osmislila je astrologinja Ana Malenica iz Ljubljane. Ideja za projekt rezultat je gotovo \u010detrdeset godina rada astrologinje Ane i temelji se na njezinoj dubokoj ljubavi prema \u010dovjeku, kao i potrebi da u\u010dini ne\u0161to vi\u0161e za ljude. Svojom idejom impresionirala je i privukla sudjelovanje &hellip; <a href=\"https:\/\/astroanama.com\/hr\/projekt-zagrli-me-i-kreni-dalje\/\" class=\"more-link\">Nastavi \u010ditati <span class=\"screen-reader-text\">Projekt \u201cZAGRLI ME I KRENI DALJE\u201d<\/span> <span class=\"meta-nav\">&rarr;<\/span><\/a><\/p>\n","protected":false},"author":4,"featured_media":5779,"parent":0,"menu_order":0,"comment_status":"closed","ping_status":"closed","template":"elementor_header_footer","meta":{"cybocfi_hide_featured_image":"yes","footnotes":""},"class_list":["post-182","page","type-page","status-publish","has-post-thumbnail","hentry"],"_links":{"self":[{"href":"https:\/\/astroanama.com\/hr\/wp-json\/wp\/v2\/pages\/182","targetHints":{"allow":["GET"]}}],"collection":[{"href":"https:\/\/astroanama.com\/hr\/wp-json\/wp\/v2\/pages"}],"about":[{"href":"https:\/\/astroanama.com\/hr\/wp-json\/wp\/v2\/types\/page"}],"author":[{"embeddable":true,"href":"https:\/\/astroanama.com\/hr\/wp-json\/wp\/v2\/users\/4"}],"replies":[{"embeddable":true,"href":"https:\/\/astroanama.com\/hr\/wp-json\/wp\/v2\/comments?post=182"}],"version-history":[{"count":0,"href":"https:\/\/astroanama.com\/hr\/wp-json\/wp\/v2\/pages\/182\/revisions"}],"wp:featuredmedia":[{"embeddable":true,"href":"https:\/\/astroanama.com\/hr\/wp-json\/wp\/v2\/media\/5779"}],"wp:attachment":[{"href":"https:\/\/astroanama.com\/hr\/wp-json\/wp\/v2\/media?parent=182"}],"curies":[{"name":"wp","href":"https:\/\/api.w.org\/{rel}","templated":true}]}}