{"id":6292,"date":"2021-08-04T00:04:16","date_gmt":"2021-08-03T22:04:16","guid":{"rendered":"https:\/\/astroanama.com\/hr\/?page_id=6292"},"modified":"2025-10-24T13:46:18","modified_gmt":"2025-10-24T11:46:18","slug":"sinastrija","status":"publish","type":"page","link":"https:\/\/astroanama.com\/hr\/cjenik\/sinastrija\/","title":{"rendered":"Sinastrija"},"content":{"rendered":"\t\t<div data-elementor-type=\"wp-page\" data-elementor-id=\"6292\" class=\"elementor elementor-6292\" data-elementor-post-type=\"page\">\n\t\t\t\t\t\t<section class=\"elementor-section elementor-top-section elementor-element elementor-element-19d7e30 elementor-section-boxed elementor-section-height-default elementor-section-height-default\" data-id=\"19d7e30\" data-element_type=\"section\">\n\t\t\t\t\t\t<div class=\"elementor-container elementor-column-gap-default\">\n\t\t\t\t\t<div class=\"elementor-column elementor-col-100 elementor-top-column elementor-element elementor-element-7fe970c\" data-id=\"7fe970c\" data-element_type=\"column\">\n\t\t\t<div class=\"elementor-widget-wrap elementor-element-populated\">\n\t\t\t\t\t\t<div class=\"elementor-element elementor-element-2d9a767 elementor-widget elementor-widget-heading\" data-id=\"2d9a767\" data-element_type=\"widget\" data-widget_type=\"heading.default\">\n\t\t\t\t<div class=\"elementor-widget-container\">\n\t\t\t\t\t<h2 class=\"elementor-heading-title elementor-size-default\">SINASTRIJA<\/h2>\t\t\t\t<\/div>\n\t\t\t\t<\/div>\n\t\t\t\t<div class=\"elementor-element elementor-element-6367b1c elementor-widget elementor-widget-image\" data-id=\"6367b1c\" data-element_type=\"widget\" data-widget_type=\"image.default\">\n\t\t\t\t<div class=\"elementor-widget-container\">\n\t\t\t\t\t\t\t\t\t\t\t\t\t\t\t<img decoding=\"async\" src=\"https:\/\/astroanama.com\/hr\/wp-content\/uploads\/sites\/2\/elementor\/thumbs\/Screenshot-2021-11-07-at-01.25.29-e1636254555833-r3pr9om65utvz7771qhph2ig38f5tabh0ivcemho8k.png\" title=\"Screenshot 2021-11-07 at 01.25.29\" alt=\"Screenshot 2021-11-07 at 01.25.29\" loading=\"lazy\" \/>\t\t\t\t\t\t\t\t\t\t\t\t\t\t\t<\/div>\n\t\t\t\t<\/div>\n\t\t\t\t<div class=\"elementor-element elementor-element-8f9a782 elementor-widget elementor-widget-text-editor\" data-id=\"8f9a782\" data-element_type=\"widget\" data-widget_type=\"text-editor.default\">\n\t\t\t\t<div class=\"elementor-widget-container\">\n\t\t\t\t\t\t\t\t\t<p>Sinastrija je studija usporedbe dviju natalnih karata. Ovom tehnikom astrolog utvr\u0111uje kompatibilnost energija dvoje ljudi, bilo da se radi o ljubavnom odnosu, poslovnom odnosu, roditeljskom odnosu ili bilo kojoj drugoj vezi. Kad je rije\u010d o ljubavnim odnosima, ka\u017eemo da zajedni\u010dki \u017eivot izme\u0111u dva partnera nastaje kad se dogodi neka kemija, ili iskra sko\u010di i ljubav se rasplamsa. \u0160to god to bilo, \u010dovjek je dru\u0161tveno bi\u0107e koje \u010dezne za blisko\u0161\u0107u bli\u017enjeg \u010dovjeka i pritom stvara \u0161iroku paletu odnosa, od onih vrlo nemogu\u0107ih do onih drugih, uspje\u0161nih i skladnih koje mnogi uzimaju za primjer. Kakvi su na\u0161i odnosi najbolje je re\u0107i sinastracijom izme\u0111u dva horoskopa, dvoje ili vi\u0161e ljudi.<\/p><p><i class=\"fas fa-user-friends\"><\/i>\u00a0\u00a0\u00a0Sinastrija uklju\u010duje analizo dvije karte.<br \/><i class=\"far fa-clock\"><\/i>\u00a0\u00a0\u00a0 Savjetovanje traje 60 minuta.<br \/><i class=\"fas fa-coins\"><\/i> \u00a0\u00a0 Cijena je 85\u20ac.<\/p>\t\t\t\t\t\t\t\t<\/div>\n\t\t\t\t<\/div>\n\t\t\t\t<div class=\"elementor-element elementor-element-8084cf9 elementor-widget elementor-widget-elementskit-accordion\" data-id=\"8084cf9\" data-element_type=\"widget\" data-widget_type=\"elementskit-accordion.default\">\n\t\t\t\t<div class=\"elementor-widget-container\">\n\t\t\t\t\t<div class=\"ekit-wid-con\" >\n        <div class=\"elementskit-accordion accoedion-primary\" id=\"accordion-69f4c50c6ba70\">\n\n            \n                <div class=\"elementskit-card \">\n                    <div class=\"elementskit-card-header\" id=\"primaryHeading-0-8084cf9\">\n                        <a href=\"#collapse-3cde1c769f4c50c6ba70\" class=\"ekit-accordion--toggler elementskit-btn-link collapsed\" data-ekit-toggle=\"collapse\" data-target=\"#Collapse-3cde1c769f4c50c6ba70\" aria-expanded=\"false\" aria-controls=\"Collapse-3cde1c769f4c50c6ba70\">\n                                                            <div class=\"ekit_accordion_icon_left_group\">\n                                    <div class=\"ekit_accordion_normal_icon\">\n                                        <!-- Normal Icon -->\n                                        <i class=\"icon icon-down-arrow1\"><\/i>                                    <\/div>\n\n                                    <div class=\"ekit_accordion_active_icon\">\n                                        <!-- Active Icon -->\n\t\t\t\t\t\t\t\t\t\t<i class=\"icon icon-up-arrow1\"><\/i>                                    <\/div>\n                                <\/div>\n\n                            \n                            <span class=\"ekit-accordion-title\">KAKO ANALIZA FUNKCIONIRA?<\/span>\n\n                            \n                                                    <\/a>\n                    <\/div>\n\n                    <div id=\"Collapse-3cde1c769f4c50c6ba70\" class=\" collapse\" aria-labelledby=\"primaryHeading-0-8084cf9\" data-parent=\"#accordion-69f4c50c6ba70\">\n\n                        <div class=\"elementskit-card-body ekit-accordion--content\">\n                            <p>Sve konzultacije obavljaju se putem\u00a0<strong>telefona<\/strong>, <strong>Teams-a<\/strong>\u00a0ili\u00a0<strong>Zoom-a<\/strong>.<\/p><p>Za astrolo\u0161ke konzultacije sve se informacije moraju poslati na\u00a0<strong>anama.astro@gmail.com<\/strong>, najmanje 24 sata prije sastanka.<\/p><p>Sve pristojbe namijenjene su za provedbu humanitarnih projekata<br \/>Dru\u0161tvo za za\u0161titu ljudskog dostojanstva i bolje kvalitete \u017eivota \u201cAPIS\u201d.<\/p><p>TRR Dru\u0161tva \u00bbApis\u00ab:<br \/>Unicredit Bank Ljubljana<br \/>IBAN: SI56 2900 0005 0079 696<br \/>SWIFT: BACXSI22<\/p><p>Dru\u0161tvo \"APIS\" od 2010. uspje\u0161no provodi projekt \"Zagrli me i kreni dalje\".<\/p>                        <\/div>\n\n                    <\/div>\n\n                <\/div><!-- .elementskit-card END -->\n\n                \n                <div class=\"elementskit-card \">\n                    <div class=\"elementskit-card-header\" id=\"primaryHeading-1-8084cf9\">\n                        <a href=\"#collapse-c2751ed69f4c50c6ba70\" class=\"ekit-accordion--toggler elementskit-btn-link collapsed\" data-ekit-toggle=\"collapse\" data-target=\"#Collapse-c2751ed69f4c50c6ba70\" aria-expanded=\"false\" aria-controls=\"Collapse-c2751ed69f4c50c6ba70\">\n                                                            <div class=\"ekit_accordion_icon_left_group\">\n                                    <div class=\"ekit_accordion_normal_icon\">\n                                        <!-- Normal Icon -->\n                                        <i class=\"icon icon-down-arrow1\"><\/i>                                    <\/div>\n\n                                    <div class=\"ekit_accordion_active_icon\">\n                                        <!-- Active Icon -->\n\t\t\t\t\t\t\t\t\t\t<i class=\"icon icon-up-arrow1\"><\/i>                                    <\/div>\n                                <\/div>\n\n                            \n                            <span class=\"ekit-accordion-title\">Kako rezerviram termin?<\/span>\n\n                            \n                                                    <\/a>\n                    <\/div>\n\n                    <div id=\"Collapse-c2751ed69f4c50c6ba70\" class=\" collapse\" aria-labelledby=\"primaryHeading-1-8084cf9\" data-parent=\"#accordion-69f4c50c6ba70\">\n\n                        <div class=\"elementskit-card-body ekit-accordion--content\">\n                            <p>Mo\u017eete se naru\u010diti putem e-mail adrese <strong>anama.astro@gmail.com<\/strong> ili putem online obrasca (ispod).<\/p><p>Za astrolo\u0161ke konzultacije sve se informacije moraju poslati na<br \/><strong>anama.astro@gmail.com<\/strong>, najmanje 24 sata prije sastanka.<\/p><p>Za uspje\u0161nu analizu potrebni su nam <strong>ime<\/strong>, <strong>datum<\/strong> i <strong>vrijeme ro\u0111enja<\/strong> i <strong>mjesto ro\u0111enja<\/strong>.<\/p>                        <\/div>\n\n                    <\/div>\n\n                <\/div><!-- .elementskit-card END -->\n\n                                        <\/div>\n    <\/div>\t\t\t\t<\/div>\n\t\t\t\t<\/div>\n\t\t\t\t\t<\/div>\n\t\t<\/div>\n\t\t\t\t\t<\/div>\n\t\t<\/section>\n\t\t\t\t<section class=\"elementor-section elementor-top-section elementor-element elementor-element-f43a8d0 elementor-section-boxed elementor-section-height-default elementor-section-height-default\" data-id=\"f43a8d0\" data-element_type=\"section\" data-settings=\"{&quot;background_background&quot;:&quot;gradient&quot;}\">\n\t\t\t\t\t\t\t<div class=\"elementor-background-overlay\"><\/div>\n\t\t\t\t\t\t\t<div class=\"elementor-container elementor-column-gap-default\">\n\t\t\t\t\t<div class=\"elementor-column elementor-col-100 elementor-top-column elementor-element elementor-element-4ae4ed4\" data-id=\"4ae4ed4\" data-element_type=\"column\">\n\t\t\t<div class=\"elementor-widget-wrap elementor-element-populated\">\n\t\t\t\t\t<div class=\"elementor-background-overlay\"><\/div>\n\t\t\t\t\t\t<div class=\"elementor-element elementor-element-b4214e3 elementor-widget elementor-widget-heading\" data-id=\"b4214e3\" data-element_type=\"widget\" data-widget_type=\"heading.default\">\n\t\t\t\t<div class=\"elementor-widget-container\">\n\t\t\t\t\t<h2 class=\"elementor-heading-title elementor-size-default\">OBRAZAC - SINASTRIJA<\/h2>\t\t\t\t<\/div>\n\t\t\t\t<\/div>\n\t\t\t\t<div class=\"elementor-element elementor-element-9e78926 elementor-widget elementor-widget-text-editor\" data-id=\"9e78926\" data-element_type=\"widget\" data-widget_type=\"text-editor.default\">\n\t\t\t\t<div class=\"elementor-widget-container\">\n\t\t\t\t\t\t\t\t\t<p>Rezervirajte termin sinastrije<\/p>\t\t\t\t\t\t\t\t<\/div>\n\t\t\t\t<\/div>\n\t\t\t\t<div class=\"elementor-element elementor-element-e90ebda elementor-widget elementor-widget-text-editor\" data-id=\"e90ebda\" data-element_type=\"widget\" data-widget_type=\"text-editor.default\">\n\t\t\t\t<div class=\"elementor-widget-container\">\n\t\t\t\t\t\t\t\t\t<div class=\"forminator-ui forminator-custom-form forminator-custom-form-6291 forminator-design--material  forminator_ajax\" data-forminator-render=\"0\" data-form=\"forminator-module-6291\" data-uid=\"69f4dd1074ec7\"><br\/><\/div><form\n\t\t\t\tid=\"forminator-module-6291\"\n\t\t\t\tclass=\"forminator-ui forminator-custom-form forminator-custom-form-6291 forminator-design--material  forminator_ajax\"\n\t\t\t\tmethod=\"post\"\n\t\t\t\tdata-forminator-render=\"0\"\n\t\t\t\tdata-form-id=\"6291\"\n\t\t\t\t data-color-option=\"default\" data-design=\"material\" data-grid=\"open\" style=\"display: none;\"\n\t\t\t\tdata-uid=\"69f4dd1074ec7\"\n\t\t\t><div role=\"alert\" aria-live=\"polite\" class=\"forminator-response-message forminator-error\" aria-hidden=\"true\"><\/div><div class=\"forminator-row\"><div id=\"section-1\" class=\"forminator-field-section forminator-col forminator-col-12 \"><div class=\"forminator-field\"><h2 class=\"forminator-title\">Podaci o klijentima<\/h2><h3 class=\"forminator-subtitle\">Unesite svoje podatke<\/h3><\/div><\/div><\/div><div class=\"forminator-row\"><div id=\"name-3\" class=\"forminator-field-name forminator-col forminator-col-12 \"><div class=\"forminator-field\"><label for=\"forminator-field-name-3_69f4dd1074ec7\" id=\"forminator-field-name-3_69f4dd1074ec7-label\" class=\"forminator-label\">Ime i prezime<\/label><input type=\"text\" name=\"name-3\" value=\"\" placeholder=\"Ovdje upi\u0161ite svoje ime i prezime\" id=\"forminator-field-name-3_69f4dd1074ec7\" class=\"forminator-input forminator-name--field\" aria-required=\"false\" autocomplete=\"name\" \/><\/div><\/div><\/div><div class=\"forminator-row\"><div id=\"email-1\" class=\"forminator-field-email forminator-col forminator-col-6 \"><div class=\"forminator-field\"><label for=\"forminator-field-email-1_69f4dd1074ec7\" id=\"forminator-field-email-1_69f4dd1074ec7-label\" class=\"forminator-label\">Va\u0161a email adresa<\/label><input type=\"email\" name=\"email-1\" value=\"\" placeholder=\"Ovdje upi\u0161ite svoju e-mail adresu ...\" id=\"forminator-field-email-1_69f4dd1074ec7\" class=\"forminator-input forminator-email--field\" data-required=\"\" aria-required=\"false\" autocomplete=\"email\" \/><\/div><\/div><div id=\"phone-1\" class=\"forminator-field-phone forminator-col forminator-col-6 \"><div class=\"forminator-field\"><label for=\"forminator-field-phone-1_69f4dd1074ec7\" id=\"forminator-field-phone-1_69f4dd1074ec7-label\" class=\"forminator-label\">Broj telefona<\/label><input type=\"text\" name=\"phone-1\" value=\"\" placeholder=\"Napi\u0161ite telefonski broj\" id=\"forminator-field-phone-1_69f4dd1074ec7\" class=\"forminator-input forminator-field--phone\" data-required=\"\" aria-required=\"false\" autocomplete=\"off\" data-national_mode=\"enabled\" data-country=\"HR\" data-validation=\"standard\" \/><\/div><\/div><\/div><div class=\"forminator-row\"><div id=\"section-2\" class=\"forminator-field-section forminator-col forminator-col-12 \"><div class=\"forminator-field\"><h2 class=\"forminator-title\">Prva osoba<\/h2><h3 class=\"forminator-subtitle\">Unesite podatke prve osobe<\/h3><\/div><\/div><\/div><div class=\"forminator-row\"><div id=\"name-5\" class=\"forminator-field-name forminator-col forminator-col-12 \"><div class=\"forminator-field\"><label for=\"forminator-field-name-5_69f4dd1074ec7\" id=\"forminator-field-name-5_69f4dd1074ec7-label\" class=\"forminator-label\">Ime<\/label><input type=\"text\" name=\"name-5\" value=\"\" placeholder=\"Ovdje upi\u0161ite ime prve osobe\" id=\"forminator-field-name-5_69f4dd1074ec7\" class=\"forminator-input forminator-name--field\" aria-required=\"false\" autocomplete=\"name\" aria-describedby=\"forminator-field-name-5_69f4dd1074ec7-description\" \/><span id=\"forminator-field-name-5_69f4dd1074ec7-description\" class=\"forminator-description\">Upi\u0161ite ime prve osobe<\/span><\/div><\/div><\/div><div class=\"forminator-row\"><div id=\"text-1\" class=\"forminator-field-text forminator-col forminator-col-12 \"><div class=\"forminator-field\"><label for=\"forminator-field-text-1_69f4dd1074ec7\" id=\"forminator-field-text-1_69f4dd1074ec7-label\" class=\"forminator-label\">Datum, vrijeme i mjesto ro\u0111enja<\/label><input type=\"text\" name=\"text-1\" value=\"\" placeholder=\"Datum, vrijeme i mjesto ro\u0111enja prve osobe\" id=\"forminator-field-text-1_69f4dd1074ec7\" class=\"forminator-input forminator-name--field\" data-required=\"\" aria-describedby=\"forminator-field-text-1_69f4dd1074ec7-description\" \/><span id=\"forminator-field-text-1_69f4dd1074ec7-description\" class=\"forminator-description\">Ovdje upi\u0161ite datum, vrijeme i mjesto ro\u0111enja prve osobe<\/span><\/div><\/div><\/div><div class=\"forminator-row\"><div id=\"section-3\" class=\"forminator-field-section forminator-col forminator-col-12 \"><div class=\"forminator-field\"><h2 class=\"forminator-title\">Druga osoba<\/h2><h3 class=\"forminator-subtitle\">Unesite podatke druge osobe<\/h3><\/div><\/div><\/div><div class=\"forminator-row\"><div id=\"name-6\" class=\"forminator-field-name forminator-col forminator-col-12 \"><div class=\"forminator-field\"><label for=\"forminator-field-name-6_69f4dd1074ec7\" id=\"forminator-field-name-6_69f4dd1074ec7-label\" class=\"forminator-label\">Ime<\/label><input type=\"text\" name=\"name-6\" value=\"\" placeholder=\"Ovdje upi\u0161ite ime druge osobe\" id=\"forminator-field-name-6_69f4dd1074ec7\" class=\"forminator-input forminator-name--field\" aria-required=\"false\" autocomplete=\"name\" aria-describedby=\"forminator-field-name-6_69f4dd1074ec7-description\" \/><span id=\"forminator-field-name-6_69f4dd1074ec7-description\" class=\"forminator-description\">Upi\u0161ite ime druge osobe<\/span><\/div><\/div><\/div><div class=\"forminator-row\"><div id=\"text-3\" class=\"forminator-field-text forminator-col forminator-col-12 \"><div class=\"forminator-field\"><label for=\"forminator-field-text-3_69f4dd1074ec7\" id=\"forminator-field-text-3_69f4dd1074ec7-label\" class=\"forminator-label\">Datum, vrijeme i mjesto ro\u0111enja<\/label><input type=\"text\" name=\"text-3\" value=\"\" placeholder=\"Datum, vrijeme i mjesto ro\u0111enja druge osobe\" id=\"forminator-field-text-3_69f4dd1074ec7\" class=\"forminator-input forminator-name--field\" data-required=\"\" aria-describedby=\"forminator-field-text-3_69f4dd1074ec7-description\" \/><span id=\"forminator-field-text-3_69f4dd1074ec7-description\" class=\"forminator-description\">Ovdje upi\u0161ite datum, vrijeme i mjesto ro\u0111enja druge osobe<\/span><\/div><\/div><\/div><div class=\"forminator-row\"><div id=\"section-10\" class=\"forminator-field-section forminator-col forminator-col-12 \"><div class=\"forminator-field\"><h2 class=\"forminator-title\">Poruka<\/h2><\/div><\/div><\/div><div class=\"forminator-row\"><div id=\"textarea-9\" class=\"forminator-field-textarea forminator-col forminator-col-12 \"><div class=\"forminator-field\"><label for=\"forminator-field-textarea-9_69f4dd1074ec7\" id=\"forminator-field-textarea-9_69f4dd1074ec7-label\" class=\"forminator-label\">U ovaj prozor mo\u017eete upisati svoja pitanja i podru\u010dja koja vas zanimaju &#8230;<\/label><textarea name=\"textarea-9\" placeholder=\"Napi\u0161ite tekst ...\" id=\"forminator-field-textarea-9_69f4dd1074ec7\" class=\"forminator-textarea\" rows=\"6\" style=\"min-height:140px;\" ><\/textarea><span id=\"forminator-field-textarea-9_69f4dd1074ec7-description\" class=\"forminator-description\"><span data-limit=\"2000\" data-type=\"words\" data-editor=\"\">0 \/ 2000<\/span><\/span><\/div><\/div><\/div><input type=\"hidden\" name=\"referer_url\" value=\"\" \/><div class=\"forminator-row forminator-row-last\"><div class=\"forminator-col\"><div class=\"forminator-field\"><button class=\"forminator-button forminator-button-submit\"><span>NARU\u010cITE<\/span><span aria-hidden=\"true\"><\/span><\/button><\/div><\/div><\/div><input type=\"hidden\" id=\"forminator_nonce\" name=\"forminator_nonce\" value=\"6c3a6cac22\" \/><input type=\"hidden\" name=\"_wp_http_referer\" value=\"\/hr\/wp-json\/wp\/v2\/pages\/6292\" \/><input type=\"hidden\" name=\"form_id\" value=\"6291\"><input type=\"hidden\" name=\"page_id\" value=\"6292\"><input type=\"hidden\" name=\"form_type\" value=\"default\"><input type=\"hidden\" name=\"current_url\" value=\"https:\/\/astroanama.com\/hr\/cjenik\/sinastrija\/\"><input type=\"hidden\" name=\"render_id\" value=\"0\"><input type=\"hidden\" name=\"action\" value=\"forminator_submit_form_custom-forms\"><label for=\"input_9\" class=\"forminator-hidden\" aria-hidden=\"true\">Please do not fill in this field. <input id=\"input_9\" type=\"text\" name=\"input_9\" value=\"\" autocomplete=\"off\"><\/label><\/form>\t\t\t\t\t\t\t\t<\/div>\n\t\t\t\t<\/div>\n\t\t\t\t\t<\/div>\n\t\t<\/div>\n\t\t\t\t\t<\/div>\n\t\t<\/section>\n\t\t\t\t<section class=\"elementor-section elementor-top-section elementor-element elementor-element-e1076cb elementor-section-boxed elementor-section-height-default elementor-section-height-default\" data-id=\"e1076cb\" data-element_type=\"section\">\n\t\t\t\t\t\t<div class=\"elementor-container elementor-column-gap-default\">\n\t\t\t\t\t<div class=\"elementor-column elementor-col-100 elementor-top-column elementor-element elementor-element-8820494\" data-id=\"8820494\" data-element_type=\"column\">\n\t\t\t<div class=\"elementor-widget-wrap elementor-element-populated\">\n\t\t\t\t\t\t<div class=\"elementor-element elementor-element-65c617d elementor-widget elementor-widget-text-editor\" data-id=\"65c617d\" data-element_type=\"widget\" data-widget_type=\"text-editor.default\">\n\t\t\t\t<div class=\"elementor-widget-container\">\n\t\t\t\t\t\t\t\t\t<div class=\"elementor-element elementor-element-8f9a782 ob-harakiri-inherit exad-sticky-section-no exad-glass-effect-no elementor-widget elementor-widget-text-editor\" data-id=\"8f9a782\" data-element_type=\"widget\" data-settings=\"{\" data-widget_type=\"text-editor.default\"><div class=\"elementor-widget-container\"><div class=\"elementor-text-editor elementor-clearfix\"><p>Na\u0161a natalna karta zlatna je \u0161krinja i samo posjet astrologu mo\u017ee nam otkriti \u0161to se u njoj krije. \u010ciji je to uop\u0107e \u017eivot?\u00a0<strong>Naravno va\u0161 i samo vi odlu\u010dujete \u0161to \u0107ete s njim.<\/strong> Do\u0111e vrijeme kad ne znamo kako dalje. Kad vam zatreba pravi savjet, vrijeme je za astrologa, za Anu Malenicu. Mo\u017eda \u0107e vam samo razgovor s njom vratiti samopouzdanje i pomo\u0107i vam da povratite uzde vlastitih snaga. Neke su vam mo\u0107i darovane ro\u0111enjem i u rukama su na\u0161e sudbine, na\u0161e karme, a druge ste stekli vlastitim iskustvom.<\/p><\/div><\/div><\/div><p style=\"text-align: center;\">Sve konzultacije obavljaju se putem\u00a0<strong>telefona<\/strong>,\u00a0<strong>Teams-a<\/strong>\u00a0ili\u00a0<strong>Zoom-a<\/strong>.<\/p><p style=\"text-align: center;\">Za astrolo\u0161ke konzultacije sve se informacije moraju poslati na<br \/><strong>anama.astro@gmail.com<\/strong>, najmanje 24 sata prije sastanka.<\/p><p style=\"text-align: center;\">Sve pristojbe namijenjene su za provedbu humanitarnih projekata<br \/>Dru\u0161tvo za za\u0161titu ljudskog dostojanstva i bolje kvalitete \u017eivota \u201cAPIS\u201d.<\/p><p style=\"text-align: center;\">TRR Dru\u0161tva \u00bbApis\u00ab:<br \/>Unicredit Bank Ljubljana<br \/>IBAN: SI56 2900 0005 0079 696<br \/>SWIFT: BACXSI22<\/p><p style=\"text-align: center;\">Dru\u0161tvo \u201cAPIS\u201d od 2010. uspje\u0161no provodi<br \/>projekt \u201cZagrli me i kreni dalje\u201d. \u00a0<\/p>\t\t\t\t\t\t\t\t<\/div>\n\t\t\t\t<\/div>\n\t\t\t\t\t<\/div>\n\t\t<\/div>\n\t\t\t\t\t<\/div>\n\t\t<\/section>\n\t\t\t\t<\/div>\n\t\t","protected":false},"excerpt":{"rendered":"<p>SINASTRIJA Sinastrija je studija usporedbe dviju natalnih karata. Ovom tehnikom astrolog utvr\u0111uje kompatibilnost energija dvoje ljudi, bilo da se radi o ljubavnom odnosu, poslovnom odnosu, roditeljskom odnosu ili bilo kojoj drugoj vezi. Kad je rije\u010d o ljubavnim odnosima, ka\u017eemo da zajedni\u010dki \u017eivot izme\u0111u dva partnera nastaje kad se dogodi neka kemija, ili iskra sko\u010di i &hellip; <a href=\"https:\/\/astroanama.com\/hr\/cjenik\/sinastrija\/\" class=\"more-link\">Nastavi \u010ditati <span class=\"screen-reader-text\">Sinastrija<\/span> <span class=\"meta-nav\">&rarr;<\/span><\/a><\/p>\n","protected":false},"author":5,"featured_media":973,"parent":171,"menu_order":0,"comment_status":"closed","ping_status":"closed","template":"elementor_header_footer","meta":{"cybocfi_hide_featured_image":"yes","footnotes":""},"class_list":["post-6292","page","type-page","status-publish","has-post-thumbnail","hentry"],"_links":{"self":[{"href":"https:\/\/astroanama.com\/hr\/wp-json\/wp\/v2\/pages\/6292","targetHints":{"allow":["GET"]}}],"collection":[{"href":"https:\/\/astroanama.com\/hr\/wp-json\/wp\/v2\/pages"}],"about":[{"href":"https:\/\/astroanama.com\/hr\/wp-json\/wp\/v2\/types\/page"}],"author":[{"embeddable":true,"href":"https:\/\/astroanama.com\/hr\/wp-json\/wp\/v2\/users\/5"}],"replies":[{"embeddable":true,"href":"https:\/\/astroanama.com\/hr\/wp-json\/wp\/v2\/comments?post=6292"}],"version-history":[{"count":0,"href":"https:\/\/astroanama.com\/hr\/wp-json\/wp\/v2\/pages\/6292\/revisions"}],"up":[{"embeddable":true,"href":"https:\/\/astroanama.com\/hr\/wp-json\/wp\/v2\/pages\/171"}],"wp:featuredmedia":[{"embeddable":true,"href":"https:\/\/astroanama.com\/hr\/wp-json\/wp\/v2\/media\/973"}],"wp:attachment":[{"href":"https:\/\/astroanama.com\/hr\/wp-json\/wp\/v2\/media?parent=6292"}],"curies":[{"name":"wp","href":"https:\/\/api.w.org\/{rel}","templated":true}]}}