{"id":6304,"date":"2021-08-04T00:14:26","date_gmt":"2021-08-03T22:14:26","guid":{"rendered":"https:\/\/astroanama.com\/hr\/?page_id=6304"},"modified":"2025-10-24T13:20:57","modified_gmt":"2025-10-24T11:20:57","slug":"poslovno-savjetovanje-i-horarna-astrologija","status":"publish","type":"page","link":"https:\/\/astroanama.com\/hr\/cjenik\/poslovno-savjetovanje-i-horarna-astrologija\/","title":{"rendered":"Poslovno savjetovanje i horarna astrologija"},"content":{"rendered":"\t\t<div data-elementor-type=\"wp-page\" data-elementor-id=\"6304\" class=\"elementor elementor-6304\" data-elementor-post-type=\"page\">\n\t\t\t\t\t\t<section class=\"elementor-section elementor-top-section elementor-element elementor-element-19d7e30 elementor-section-boxed elementor-section-height-default elementor-section-height-default\" data-id=\"19d7e30\" data-element_type=\"section\">\n\t\t\t\t\t\t<div class=\"elementor-container elementor-column-gap-default\">\n\t\t\t\t\t<div class=\"elementor-column elementor-col-100 elementor-top-column elementor-element elementor-element-7fe970c\" data-id=\"7fe970c\" data-element_type=\"column\">\n\t\t\t<div class=\"elementor-widget-wrap elementor-element-populated\">\n\t\t\t\t\t\t<div class=\"elementor-element elementor-element-2d9a767 elementor-widget elementor-widget-heading\" data-id=\"2d9a767\" data-element_type=\"widget\" data-widget_type=\"heading.default\">\n\t\t\t\t<div class=\"elementor-widget-container\">\n\t\t\t\t\t<h2 class=\"elementor-heading-title elementor-size-default\">Poslovno savjetovanje i horarna astrologija<\/h2>\t\t\t\t<\/div>\n\t\t\t\t<\/div>\n\t\t\t\t<div class=\"elementor-element elementor-element-b9ad23b elementor-widget elementor-widget-image\" data-id=\"b9ad23b\" data-element_type=\"widget\" data-widget_type=\"image.default\">\n\t\t\t\t<div class=\"elementor-widget-container\">\n\t\t\t\t\t\t\t\t\t\t\t\t\t\t\t<img decoding=\"async\" src=\"https:\/\/astroanama.com\/hr\/wp-content\/uploads\/sites\/2\/elementor\/thumbs\/Screenshot-2021-11-07-at-01.25.29-e1636254555833-r3pr9om65utvz7771qhph2ig38f5tabh0ivcemho8k.png\" title=\"Screenshot 2021-11-07 at 01.25.29\" alt=\"Screenshot 2021-11-07 at 01.25.29\" loading=\"lazy\" \/>\t\t\t\t\t\t\t\t\t\t\t\t\t\t\t<\/div>\n\t\t\t\t<\/div>\n\t\t\t\t<div class=\"elementor-element elementor-element-8f9a782 elementor-widget elementor-widget-text-editor\" data-id=\"8f9a782\" data-element_type=\"widget\" data-widget_type=\"text-editor.default\">\n\t\t\t\t<div class=\"elementor-widget-container\">\n\t\t\t\t\t\t\t\t\t<p>Svi bismo voljeli imati Jupitera u na\u0161oj vladavini i u najboljim aspektima, ali svi imamo ovog slavnog boga na razli\u010ditim polo\u017eajima i s tim moramo ra\u010dunati. Stoga postoje i situacije kada se osje\u0107amo nezadovoljnima ograni\u010denjima i problemima koje nam poslovni \u017eivot donosi i potreban nam je pravi savjet.<\/p><p><i class=\"fas fa-user\"><\/i> \u00a0 Poslovno savjetovanje za jednu osobu.<br \/><i class=\"far fa-clock\"><\/i>\u00a0\u00a0 Savjetovanje traje 60 minuta.<br \/><i class=\"fas fa-coins\"><\/i> \u00a0 Cijena je 85\u20ac.<\/p>\t\t\t\t\t\t\t\t<\/div>\n\t\t\t\t<\/div>\n\t\t\t\t<div class=\"elementor-element elementor-element-8084cf9 elementor-widget elementor-widget-elementskit-accordion\" data-id=\"8084cf9\" data-element_type=\"widget\" data-widget_type=\"elementskit-accordion.default\">\n\t\t\t\t<div class=\"elementor-widget-container\">\n\t\t\t\t\t<div class=\"ekit-wid-con\" >\n        <div class=\"elementskit-accordion accoedion-primary\" id=\"accordion-69ef96d36e9ae\">\n\n            \n                <div class=\"elementskit-card \">\n                    <div class=\"elementskit-card-header\" id=\"primaryHeading-0-8084cf9\">\n                        <a href=\"#collapse-3cde1c769ef96d36e9ae\" class=\"ekit-accordion--toggler elementskit-btn-link collapsed\" data-ekit-toggle=\"collapse\" data-target=\"#Collapse-3cde1c769ef96d36e9ae\" aria-expanded=\"false\" aria-controls=\"Collapse-3cde1c769ef96d36e9ae\">\n                                                            <div class=\"ekit_accordion_icon_left_group\">\n                                    <div class=\"ekit_accordion_normal_icon\">\n                                        <!-- Normal Icon -->\n                                        <i class=\"icon icon-down-arrow1\"><\/i>                                    <\/div>\n\n                                    <div class=\"ekit_accordion_active_icon\">\n                                        <!-- Active Icon -->\n\t\t\t\t\t\t\t\t\t\t<i class=\"icon icon-up-arrow1\"><\/i>                                    <\/div>\n                                <\/div>\n\n                            \n                            <span class=\"ekit-accordion-title\"> KAKO ANALIZA FUNKCIONIRA?<\/span>\n\n                            \n                                                    <\/a>\n                    <\/div>\n\n                    <div id=\"Collapse-3cde1c769ef96d36e9ae\" class=\" collapse\" aria-labelledby=\"primaryHeading-0-8084cf9\" data-parent=\"#accordion-69ef96d36e9ae\">\n\n                        <div class=\"elementskit-card-body ekit-accordion--content\">\n                            <p>Sve konzultacije obavljaju se putem\u00a0<strong>telefona<\/strong>,\u00a0<strong>Teams-a<\/strong>\u00a0ili\u00a0<strong>Zoom-a<\/strong>.<\/p><p>Za astrolo\u0161ke konzultacije sve se informacije moraju poslati na\u00a0<strong>anama.astro@gmail.com<\/strong>, najmanje 24 sata prije sastanka.<\/p><p>Sve pristojbe namijenjene su za provedbu humanitarnih projekata<br \/>Dru\u0161tvo za za\u0161titu ljudskog dostojanstva i bolje kvalitete \u017eivota \u201cAPIS\u201d.<\/p><p>TRR Dru\u0161tva \u00bbApis\u00ab:<br \/>Unicredit Bank Ljubljana<br \/>IBAN: SI56 2900 0005 0079 696<br \/>SWIFT: BACXSI22<\/p><p>Dru\u0161tvo \"APIS\" od 2010. uspje\u0161no provodi projekt \"Zagrli me i kreni dalje\".<\/p>                        <\/div>\n\n                    <\/div>\n\n                <\/div><!-- .elementskit-card END -->\n\n                \n                <div class=\"elementskit-card \">\n                    <div class=\"elementskit-card-header\" id=\"primaryHeading-1-8084cf9\">\n                        <a href=\"#collapse-c2751ed69ef96d36e9ae\" class=\"ekit-accordion--toggler elementskit-btn-link collapsed\" data-ekit-toggle=\"collapse\" data-target=\"#Collapse-c2751ed69ef96d36e9ae\" aria-expanded=\"false\" aria-controls=\"Collapse-c2751ed69ef96d36e9ae\">\n                                                            <div class=\"ekit_accordion_icon_left_group\">\n                                    <div class=\"ekit_accordion_normal_icon\">\n                                        <!-- Normal Icon -->\n                                        <i class=\"icon icon-down-arrow1\"><\/i>                                    <\/div>\n\n                                    <div class=\"ekit_accordion_active_icon\">\n                                        <!-- Active Icon -->\n\t\t\t\t\t\t\t\t\t\t<i class=\"icon icon-up-arrow1\"><\/i>                                    <\/div>\n                                <\/div>\n\n                            \n                            <span class=\"ekit-accordion-title\">Kako rezerviram termin?<\/span>\n\n                            \n                                                    <\/a>\n                    <\/div>\n\n                    <div id=\"Collapse-c2751ed69ef96d36e9ae\" class=\" collapse\" aria-labelledby=\"primaryHeading-1-8084cf9\" data-parent=\"#accordion-69ef96d36e9ae\">\n\n                        <div class=\"elementskit-card-body ekit-accordion--content\">\n                            <p>Mo\u017eete se naru\u010diti putem e-mail adrese <strong>anama.astro@gmail.com<\/strong> ili putem online obrasca (ispod).<\/p><p>Za astrolo\u0161ke konzultacije sve se informacije moraju poslati na<br \/><strong>anama.astro@gmail.com<\/strong>, najmanje 24 sata prije sastanka.<\/p><p>Za uspje\u0161nu analizu potrebni su nam <strong>ime<\/strong>, <strong>datum<\/strong> i <strong>vrijeme ro\u0111enja<\/strong> i <strong>mjesto ro\u0111enja<\/strong>.<\/p>                        <\/div>\n\n                    <\/div>\n\n                <\/div><!-- .elementskit-card END -->\n\n                                        <\/div>\n    <\/div>\t\t\t\t<\/div>\n\t\t\t\t<\/div>\n\t\t\t\t\t<\/div>\n\t\t<\/div>\n\t\t\t\t\t<\/div>\n\t\t<\/section>\n\t\t\t\t<section class=\"elementor-section elementor-top-section elementor-element elementor-element-f43a8d0 elementor-section-boxed elementor-section-height-default elementor-section-height-default\" data-id=\"f43a8d0\" data-element_type=\"section\" data-settings=\"{&quot;background_background&quot;:&quot;gradient&quot;}\">\n\t\t\t\t\t\t\t<div class=\"elementor-background-overlay\"><\/div>\n\t\t\t\t\t\t\t<div class=\"elementor-container elementor-column-gap-default\">\n\t\t\t\t\t<div class=\"elementor-column elementor-col-100 elementor-top-column elementor-element elementor-element-4ae4ed4\" data-id=\"4ae4ed4\" data-element_type=\"column\">\n\t\t\t<div class=\"elementor-widget-wrap elementor-element-populated\">\n\t\t\t\t\t<div class=\"elementor-background-overlay\"><\/div>\n\t\t\t\t\t\t<div class=\"elementor-element elementor-element-b4214e3 elementor-widget elementor-widget-heading\" data-id=\"b4214e3\" data-element_type=\"widget\" data-widget_type=\"heading.default\">\n\t\t\t\t<div class=\"elementor-widget-container\">\n\t\t\t\t\t<h2 class=\"elementor-heading-title elementor-size-default\">OBRAZAC - POSLOVNA ASTROLOGIJA<\/h2>\t\t\t\t<\/div>\n\t\t\t\t<\/div>\n\t\t\t\t<div class=\"elementor-element elementor-element-9e78926 elementor-widget elementor-widget-text-editor\" data-id=\"9e78926\" data-element_type=\"widget\" data-widget_type=\"text-editor.default\">\n\t\t\t\t<div class=\"elementor-widget-container\">\n\t\t\t\t\t\t\t\t\t<p>Rezervirajte termin<\/p>\t\t\t\t\t\t\t\t<\/div>\n\t\t\t\t<\/div>\n\t\t\t\t<div class=\"elementor-element elementor-element-e90ebda elementor-widget elementor-widget-text-editor\" data-id=\"e90ebda\" data-element_type=\"widget\" data-widget_type=\"text-editor.default\">\n\t\t\t\t<div class=\"elementor-widget-container\">\n\t\t\t\t\t\t\t\t\t<div class=\"forminator-ui forminator-custom-form forminator-custom-form-6311 forminator-design--material  forminator_ajax\" data-forminator-render=\"0\" data-form=\"forminator-module-6311\" data-uid=\"69efca3b52c7b\"><br\/><\/div><form\n\t\t\t\tid=\"forminator-module-6311\"\n\t\t\t\tclass=\"forminator-ui forminator-custom-form forminator-custom-form-6311 forminator-design--material  forminator_ajax\"\n\t\t\t\tmethod=\"post\"\n\t\t\t\tdata-forminator-render=\"0\"\n\t\t\t\tdata-form-id=\"6311\"\n\t\t\t\t data-color-option=\"default\" data-design=\"material\" data-grid=\"open\" style=\"display: none;\"\n\t\t\t\tdata-uid=\"69efca3b52c7b\"\n\t\t\t><div role=\"alert\" aria-live=\"polite\" class=\"forminator-response-message forminator-error\" aria-hidden=\"true\"><\/div><div class=\"forminator-row\"><div id=\"section-1\" class=\"forminator-field-section forminator-col forminator-col-12 \"><div class=\"forminator-field\"><h2 class=\"forminator-title\">Podaci za analizu<\/h2><h3 class=\"forminator-subtitle\">Unesite svoje podatke<\/h3><\/div><\/div><\/div><div class=\"forminator-row\"><div id=\"name-3\" class=\"forminator-field-name forminator-col forminator-col-12 \"><div class=\"forminator-field\"><label for=\"forminator-field-name-3_69efca3b52c7b\" id=\"forminator-field-name-3_69efca3b52c7b-label\" class=\"forminator-label\">Ime i prezime<\/label><input type=\"text\" name=\"name-3\" value=\"\" placeholder=\"Ovdje upi\u0161ite svoje ime i prezime\" id=\"forminator-field-name-3_69efca3b52c7b\" class=\"forminator-input forminator-name--field\" aria-required=\"false\" autocomplete=\"name\" \/><\/div><\/div><\/div><div class=\"forminator-row\"><div id=\"email-1\" class=\"forminator-field-email forminator-col forminator-col-6 \"><div class=\"forminator-field\"><label for=\"forminator-field-email-1_69efca3b52c7b\" id=\"forminator-field-email-1_69efca3b52c7b-label\" class=\"forminator-label\">Va\u0161a email adresa<\/label><input type=\"email\" name=\"email-1\" value=\"\" placeholder=\"Ovdje upi\u0161ite svoju e-mail adresu ...\" id=\"forminator-field-email-1_69efca3b52c7b\" class=\"forminator-input forminator-email--field\" data-required=\"\" aria-required=\"false\" autocomplete=\"email\" \/><\/div><\/div><div id=\"phone-1\" class=\"forminator-field-phone forminator-col forminator-col-6 \"><div class=\"forminator-field\"><label for=\"forminator-field-phone-1_69efca3b52c7b\" id=\"forminator-field-phone-1_69efca3b52c7b-label\" class=\"forminator-label\">Broj telefona<\/label><input type=\"text\" name=\"phone-1\" value=\"\" placeholder=\"Napi\u0161ite telefonski broj\" id=\"forminator-field-phone-1_69efca3b52c7b\" class=\"forminator-input forminator-field--phone\" data-required=\"\" aria-required=\"false\" autocomplete=\"off\" data-national_mode=\"enabled\" data-country=\"HR\" data-validation=\"standard\" \/><\/div><\/div><\/div><div class=\"forminator-row\"><div id=\"text-1\" class=\"forminator-field-text forminator-col forminator-col-12 \"><div class=\"forminator-field\"><label for=\"forminator-field-text-1_69efca3b52c7b\" id=\"forminator-field-text-1_69efca3b52c7b-label\" class=\"forminator-label\">Datum, vrijeme i mjesto ro\u0111enja<\/label><input type=\"text\" name=\"text-1\" value=\"\" placeholder=\"Datum, vrijeme i mjesto ro\u0111enja\" id=\"forminator-field-text-1_69efca3b52c7b\" class=\"forminator-input forminator-name--field\" data-required=\"\" aria-describedby=\"forminator-field-text-1_69efca3b52c7b-description\" \/><span id=\"forminator-field-text-1_69efca3b52c7b-description\" class=\"forminator-description\">Ovdje upi\u0161ite datum, vrijeme i mjesto ro\u0111enja<\/span><\/div><\/div><\/div><div class=\"forminator-row\"><div id=\"section-10\" class=\"forminator-field-section forminator-col forminator-col-12 \"><div class=\"forminator-field\"><h2 class=\"forminator-title\">Poruka<\/h2><\/div><\/div><\/div><div class=\"forminator-row\"><div id=\"textarea-9\" class=\"forminator-field-textarea forminator-col forminator-col-12 \"><div class=\"forminator-field\"><label for=\"forminator-field-textarea-9_69efca3b52c7b\" id=\"forminator-field-textarea-9_69efca3b52c7b-label\" class=\"forminator-label\">U ovaj prozor mo\u017eete upisati svoja pitanja i podru\u010dja koja vas zanimaju &#8230;<\/label><textarea name=\"textarea-9\" placeholder=\"Napi\u0161ite tekst ...\" id=\"forminator-field-textarea-9_69efca3b52c7b\" class=\"forminator-textarea\" rows=\"6\" style=\"min-height:140px;\" ><\/textarea><span id=\"forminator-field-textarea-9_69efca3b52c7b-description\" class=\"forminator-description\"><span data-limit=\"2000\" data-type=\"words\" data-editor=\"\">0 \/ 2000<\/span><\/span><\/div><\/div><\/div><input type=\"hidden\" name=\"referer_url\" value=\"\" \/><div class=\"forminator-row forminator-row-last\"><div class=\"forminator-col\"><div class=\"forminator-field\"><button class=\"forminator-button forminator-button-submit\"><span>NARU\u010cITE<\/span><span aria-hidden=\"true\"><\/span><\/button><\/div><\/div><\/div><input type=\"hidden\" id=\"forminator_nonce\" name=\"forminator_nonce\" value=\"239082cc46\" \/><input type=\"hidden\" name=\"_wp_http_referer\" value=\"\/hr\/wp-json\/wp\/v2\/pages\/6304\" \/><input type=\"hidden\" name=\"form_id\" value=\"6311\"><input type=\"hidden\" name=\"page_id\" value=\"6304\"><input type=\"hidden\" name=\"form_type\" value=\"default\"><input type=\"hidden\" name=\"current_url\" value=\"https:\/\/astroanama.com\/hr\/cjenik\/poslovno-savjetovanje-i-horarna-astrologija\/\"><input type=\"hidden\" name=\"render_id\" value=\"0\"><input type=\"hidden\" name=\"action\" value=\"forminator_submit_form_custom-forms\"><label for=\"input_6\" class=\"forminator-hidden\" aria-hidden=\"true\">Please do not fill in this field. <input id=\"input_6\" type=\"text\" name=\"input_6\" value=\"\" autocomplete=\"off\"><\/label><\/form>\t\t\t\t\t\t\t\t<\/div>\n\t\t\t\t<\/div>\n\t\t\t\t\t<\/div>\n\t\t<\/div>\n\t\t\t\t\t<\/div>\n\t\t<\/section>\n\t\t\t\t<section class=\"elementor-section elementor-top-section elementor-element elementor-element-e1076cb elementor-section-boxed elementor-section-height-default elementor-section-height-default\" data-id=\"e1076cb\" data-element_type=\"section\">\n\t\t\t\t\t\t<div class=\"elementor-container elementor-column-gap-default\">\n\t\t\t\t\t<div class=\"elementor-column elementor-col-100 elementor-top-column elementor-element elementor-element-8820494\" data-id=\"8820494\" data-element_type=\"column\">\n\t\t\t<div class=\"elementor-widget-wrap elementor-element-populated\">\n\t\t\t\t\t\t<div class=\"elementor-element elementor-element-65c617d elementor-widget elementor-widget-text-editor\" data-id=\"65c617d\" data-element_type=\"widget\" data-widget_type=\"text-editor.default\">\n\t\t\t\t<div class=\"elementor-widget-container\">\n\t\t\t\t\t\t\t\t\t<div class=\"elementor-element elementor-element-8f9a782 ob-harakiri-inherit exad-sticky-section-no exad-glass-effect-no elementor-widget elementor-widget-text-editor\" data-id=\"8f9a782\" data-element_type=\"widget\" data-settings=\"{\" data-widget_type=\"text-editor.default\"><div class=\"elementor-widget-container\"><div class=\"elementor-text-editor elementor-clearfix\"><p>Na\u0161a natalna karta zlatna je \u0161krinja i samo posjet astrologu mo\u017ee nam otkriti \u0161to se u njoj krije. \u010ciji je to uop\u0107e \u017eivot?\u00a0<strong>Naravno va\u0161 i samo vi odlu\u010dujete \u0161to \u0107ete s njim.<\/strong> Do\u0111e vrijeme kad ne znamo kako dalje. Kad vam zatreba pravi savjet, vrijeme je za astrologa, za Anu Malenicu. Mo\u017eda \u0107e vam samo razgovor s njom vratiti samopouzdanje i pomo\u0107i vam da povratite uzde vlastitih snaga. Neke su vam mo\u0107i darovane ro\u0111enjem i u rukama su na\u0161e sudbine, na\u0161e karme, a druge ste stekli vlastitim iskustvom.<\/p><\/div><\/div><\/div><p style=\"text-align: center;\">Sve konzultacije obavljaju se putem\u00a0<strong>telefona<\/strong>,\u00a0<strong>Teams-a<\/strong>\u00a0ili\u00a0<strong>Zoom-a<\/strong>.<\/p><p style=\"text-align: center;\">Za astrolo\u0161ke konzultacije sve se informacije moraju poslati na<br \/><strong>anama.astro@gmail.com<\/strong>, najmanje 24 sata prije sastanka.<\/p><p style=\"text-align: center;\">Sve pristojbe namijenjene su za provedbu humanitarnih projekata<br \/>Dru\u0161tvo za za\u0161titu ljudskog dostojanstva i bolje kvalitete \u017eivota \u201cAPIS\u201d.<\/p><p style=\"text-align: center;\">TRR Dru\u0161tva \u00bbApis\u00ab:<br \/>Unicredit Bank Ljubljana<br \/>IBAN: SI56 2900 0005 0079 696<br \/>SWIFT: BACXSI22<\/p><p style=\"text-align: center;\">Dru\u0161tvo \u201cAPIS\u201d od 2010. uspje\u0161no provodi<br \/>projekt \u201cZagrli me i kreni dalje\u201d. \u00a0<\/p>\t\t\t\t\t\t\t\t<\/div>\n\t\t\t\t<\/div>\n\t\t\t\t\t<\/div>\n\t\t<\/div>\n\t\t\t\t\t<\/div>\n\t\t<\/section>\n\t\t\t\t<\/div>\n\t\t","protected":false},"excerpt":{"rendered":"<p>Poslovno savjetovanje i horarna astrologija Svi bismo voljeli imati Jupitera u na\u0161oj vladavini i u najboljim aspektima, ali svi imamo ovog slavnog boga na razli\u010ditim polo\u017eajima i s tim moramo ra\u010dunati. Stoga postoje i situacije kada se osje\u0107amo nezadovoljnima ograni\u010denjima i problemima koje nam poslovni \u017eivot donosi i potreban nam je pravi savjet. \u00a0 Poslovno &hellip; <a href=\"https:\/\/astroanama.com\/hr\/cjenik\/poslovno-savjetovanje-i-horarna-astrologija\/\" class=\"more-link\">Nastavi \u010ditati <span class=\"screen-reader-text\">Poslovno savjetovanje i horarna astrologija<\/span> <span class=\"meta-nav\">&rarr;<\/span><\/a><\/p>\n","protected":false},"author":5,"featured_media":3487,"parent":171,"menu_order":0,"comment_status":"closed","ping_status":"closed","template":"elementor_header_footer","meta":{"cybocfi_hide_featured_image":"yes","footnotes":""},"class_list":["post-6304","page","type-page","status-publish","has-post-thumbnail","hentry"],"_links":{"self":[{"href":"https:\/\/astroanama.com\/hr\/wp-json\/wp\/v2\/pages\/6304","targetHints":{"allow":["GET"]}}],"collection":[{"href":"https:\/\/astroanama.com\/hr\/wp-json\/wp\/v2\/pages"}],"about":[{"href":"https:\/\/astroanama.com\/hr\/wp-json\/wp\/v2\/types\/page"}],"author":[{"embeddable":true,"href":"https:\/\/astroanama.com\/hr\/wp-json\/wp\/v2\/users\/5"}],"replies":[{"embeddable":true,"href":"https:\/\/astroanama.com\/hr\/wp-json\/wp\/v2\/comments?post=6304"}],"version-history":[{"count":0,"href":"https:\/\/astroanama.com\/hr\/wp-json\/wp\/v2\/pages\/6304\/revisions"}],"up":[{"embeddable":true,"href":"https:\/\/astroanama.com\/hr\/wp-json\/wp\/v2\/pages\/171"}],"wp:featuredmedia":[{"embeddable":true,"href":"https:\/\/astroanama.com\/hr\/wp-json\/wp\/v2\/media\/3487"}],"wp:attachment":[{"href":"https:\/\/astroanama.com\/hr\/wp-json\/wp\/v2\/media?parent=6304"}],"curies":[{"name":"wp","href":"https:\/\/api.w.org\/{rel}","templated":true}]}}