{"id":3228,"date":"2021-05-13T01:37:41","date_gmt":"2021-05-12T23:37:41","guid":{"rendered":"https:\/\/astroanama.com\/hr\/?post_type=product&#038;p=3228"},"modified":"2025-10-23T22:42:30","modified_gmt":"2025-10-23T20:42:30","slug":"povratak-s-one-strane","status":"publish","type":"product","link":"https:\/\/astroanama.com\/hr\/product\/povratak-s-one-strane\/","title":{"rendered":"Povratak s one strane"},"content":{"rendered":"<div class=\"elementor-widget-container\">\n<p>Autorka opisuje svoje putovanje na onu stranu kada je bila u komi. Ka\u017ee da je tamo do\u010dekala njena majka koja je bila sve vreme uz nju. Ona je pitala da li \u017eeli da se vrati ili da ostane s njom. Autorka je stavljena pred te\u017eak izbor \u2013 iako je do\u017eivela jako bolnih trenutaka u poslednjih 25 godina, odlu\u010dila je da se vrati kako bi re\u0161ila ono \u0161to je ostalno nere\u0161eno u ovozemaljskom \u017eivotu.<\/p>\n<p>Kada se vratila, ona se bojala da joj srce ponovo ne stane. To su mnogi protuma\u010dili kao njen strah od smrti. Ono \u010dega se ona istinski bojala je da \u0107e opet oti\u0107i u onaj svet, svet gde vlada mir i spokojstvo, i da \u0107e opet morati da se vrati nazad ako ne uspe sve do tada da re\u0161i.<\/p>\n<p>\u201cJedan dio kozmi\u010dke kapsule, koji je snimljen u ra\u010dunalu koji se nalazi u mojoj glavi i koji se zove Mozak, mirovao je stolje\u0107ima, mo\u017eda tisu\u0107lje\u0107ima. Ali dana 26.11.2012., neka vi\u0161a sila je probudila i upalila program, koji je iz Mozga poslao svog glasnika Du\u0161u, s uputom da zaustavi moje Srce. Vjerujem medicinskim statistikama koje ka\u017eu da se srce iz nepoznatih razloga zaustavi kod 1-2 osobe na 1000 stanovnika. Ako se to dogodi, \u010dovjeka je mogu\u0107e spasiti samo ako pomo\u0107 stigne najkasnije za pet minuta, ina\u010de nastupa kona\u010dna smrt. Poslije tog vremena, mo\u017edane stanice po\u010dnu propadati, jer ostanu bez krvi. Kada se moje Srce zaustavilo, oti\u0161la sam na drugu stranu, tamo gdje je drugi svijet, gdje me do\u010dekala moja majka i bila uz mene cijelo vrijeme dok sam bila u komi. Kada je obuhvatila svojim mekanim rukama moje lice i pitala me da li se \u017eelim vratiti nazad, tog sam trenutka jo\u0161 uvijek imala mogu\u0107nost izbora: ostati na onoj strani ili se vratiti. U mom \u017eivotu je zadnjih 25 godina bilo toliko bolnih trenutaka, da je bilo te\u0161ko odlu\u010diti i vratiti se u svoj zemaljski svijet. Spoznaja da sam na ovoj strani ostavila nerije\u0161ene situacije, koje bi morali rje\u0161avati oni koji ih nisu stvorili, obvezala me da se vratim. Prve dane nakon povratka, nekoliko puta me uhvatila panika da \u0107e se moje Srce ponovno zaustaviti, \u0161to je moja okolina protuma\u010dila kao strah od smrti. Kako da se bojim povratka negdje gdje je mir i gdje se sve odvija kako treba. Ono \u010dega me je zaista strah, jest da bi me sje\u0107anje na onaj drugi svijet, gdje vlada mir, odvelo nazad, kada mi rje\u0161avanje problema postane prete\u0161ko. To je moje pravo, isto kao \u0161to je pravo svakog \u010dovjeka, da se zavr\u0161etak nekog karmi\u010dkog odnosa odlo\u017ei za neki budu\u0107i \u017eivot, ukoliko njegovo izvr\u0161avanje postane prete\u0161ko.\u201d<\/p>\n<p>Ana Malenica<\/p>\n<p>&nbsp;<\/p>\n<\/div>\n<p><strong>Zalo\u017eba:<\/strong>\u00a0Dru\u0161tvo za za\u0161\u010dito \u010dlovekovega dostojanstva in bolj\u0161o kvaliteto \u017eivljenja APIS<br \/>\n<strong>Leto izdaje:<\/strong>\u00a02013<br \/>\n<strong>Br. strana:<\/strong> 267<br \/>\n<strong>Uvez:<\/strong>\u00a0Meki<\/p>\n","protected":false},"excerpt":{"rendered":"<p>Autorka opisuje svoje putovanje na onu stranu kada je bila u komi. Ka\u017ee da je tamo do\u010dekala njena majka koja je bila sve vreme uz nju. Ona je pitala da li \u017eeli da se vrati ili da ostane s njom. Autorka je stavljena pred te\u017eak izbor \u2013 iako je do\u017eivela jako bolnih trenutaka u poslednjih 25 godina, odlu\u010dila je da se vrati kako bi re\u0161ila ono \u0161to je ostalno nere\u0161eno u ovozemaljskom \u017eivotu.<\/p>\n","protected":false},"featured_media":3229,"comment_status":"open","ping_status":"closed","template":"","meta":{"cybocfi_hide_featured_image":""},"product_brand":[],"product_cat":[49],"product_tag":[],"class_list":{"0":"post-3228","1":"product","2":"type-product","3":"status-publish","4":"has-post-thumbnail","6":"product_cat-sve-knjige","7":"pa_jezik-hrvaski","9":"first","10":"outofstock","11":"purchasable","12":"product-type-simple"},"_links":{"self":[{"href":"https:\/\/astroanama.com\/hr\/wp-json\/wp\/v2\/product\/3228","targetHints":{"allow":["GET"]}}],"collection":[{"href":"https:\/\/astroanama.com\/hr\/wp-json\/wp\/v2\/product"}],"about":[{"href":"https:\/\/astroanama.com\/hr\/wp-json\/wp\/v2\/types\/product"}],"replies":[{"embeddable":true,"href":"https:\/\/astroanama.com\/hr\/wp-json\/wp\/v2\/comments?post=3228"}],"version-history":[{"count":0,"href":"https:\/\/astroanama.com\/hr\/wp-json\/wp\/v2\/product\/3228\/revisions"}],"wp:featuredmedia":[{"embeddable":true,"href":"https:\/\/astroanama.com\/hr\/wp-json\/wp\/v2\/media\/3229"}],"wp:attachment":[{"href":"https:\/\/astroanama.com\/hr\/wp-json\/wp\/v2\/media?parent=3228"}],"wp:term":[{"taxonomy":"product_brand","embeddable":true,"href":"https:\/\/astroanama.com\/hr\/wp-json\/wp\/v2\/product_brand?post=3228"},{"taxonomy":"product_cat","embeddable":true,"href":"https:\/\/astroanama.com\/hr\/wp-json\/wp\/v2\/product_cat?post=3228"},{"taxonomy":"product_tag","embeddable":true,"href":"https:\/\/astroanama.com\/hr\/wp-json\/wp\/v2\/product_tag?post=3228"}],"curies":[{"name":"wp","href":"https:\/\/api.w.org\/{rel}","templated":true}]}}