{"id":3235,"date":"2021-05-13T01:58:47","date_gmt":"2021-05-12T23:58:47","guid":{"rendered":"https:\/\/astroanama.com\/hr\/?post_type=product&#038;p=3235"},"modified":"2025-10-23T22:43:35","modified_gmt":"2025-10-23T20:43:35","slug":"ne-lomite-nam-krila-1-dio","status":"publish","type":"product","link":"https:\/\/astroanama.com\/hr\/product\/ne-lomite-nam-krila-1-dio\/","title":{"rendered":"Ne lomite nam krila 1. dio"},"content":{"rendered":"<p>Iskala je svoj prostor pod suncem, na pogre\u0161nom mjestu i u pogre\u0161no vrijeme. Jedino su njezini ljudi bili pravi, jer i jesu pravi. \u017divjeli su i \u017eive u njenom srcu i kao sjena je prate u stopu, kuda god krene. A onda kada je do\u0161lo vrijeme za pokret, pratila ju je kozmi\u010dka inteligencija Tin i An\u0111eo Solange i odveli je tamo , kdje ju je sunce toplije grijalo. Tamo gdje ju je \u010dekala topla postelja i ljudi \u010diji je dodir biti mekan od ljubavi.<\/p>\n","protected":false},"excerpt":{"rendered":"<p>Sve zaljubljenike u duhovnu kulturu odu\u0161evit \u0107e roman \u201cNe lomi na\u0161a krila\u201d. Do sada je objavila 3 dijela, a sada pi\u0161e 4. dio. Roman je objavljen na hrvatskom jeziku, koji je spisateljici maternji jezik, a sada se prevodi na slovenski jezik, jezik njezine druge domovine.<\/p>\n","protected":false},"featured_media":3567,"comment_status":"open","ping_status":"closed","template":"","meta":{"cybocfi_hide_featured_image":""},"product_brand":[],"product_cat":[49],"product_tag":[],"class_list":{"0":"post-3235","1":"product","2":"type-product","3":"status-publish","4":"has-post-thumbnail","6":"product_cat-sve-knjige","7":"pa_avtor-ana-malenica","8":"pa_jezik-hrvaski","9":"pa_leto-izdaje-115","10":"pa_strani-116","11":"pa_vezava-mehka","12":"pa_zalozba-drustvo-za-zascito-clovekovega-dostojanstva-in-boljso-kvaliteto-zivljenja-apis","14":"first","15":"instock","16":"purchasable","17":"product-type-simple"},"_links":{"self":[{"href":"https:\/\/astroanama.com\/hr\/wp-json\/wp\/v2\/product\/3235","targetHints":{"allow":["GET"]}}],"collection":[{"href":"https:\/\/astroanama.com\/hr\/wp-json\/wp\/v2\/product"}],"about":[{"href":"https:\/\/astroanama.com\/hr\/wp-json\/wp\/v2\/types\/product"}],"replies":[{"embeddable":true,"href":"https:\/\/astroanama.com\/hr\/wp-json\/wp\/v2\/comments?post=3235"}],"version-history":[{"count":0,"href":"https:\/\/astroanama.com\/hr\/wp-json\/wp\/v2\/product\/3235\/revisions"}],"wp:featuredmedia":[{"embeddable":true,"href":"https:\/\/astroanama.com\/hr\/wp-json\/wp\/v2\/media\/3567"}],"wp:attachment":[{"href":"https:\/\/astroanama.com\/hr\/wp-json\/wp\/v2\/media?parent=3235"}],"wp:term":[{"taxonomy":"product_brand","embeddable":true,"href":"https:\/\/astroanama.com\/hr\/wp-json\/wp\/v2\/product_brand?post=3235"},{"taxonomy":"product_cat","embeddable":true,"href":"https:\/\/astroanama.com\/hr\/wp-json\/wp\/v2\/product_cat?post=3235"},{"taxonomy":"product_tag","embeddable":true,"href":"https:\/\/astroanama.com\/hr\/wp-json\/wp\/v2\/product_tag?post=3235"}],"curies":[{"name":"wp","href":"https:\/\/api.w.org\/{rel}","templated":true}]}}