{"id":3249,"date":"2021-05-13T02:27:34","date_gmt":"2021-05-13T00:27:34","guid":{"rendered":"https:\/\/astroanama.com\/hr\/?post_type=product&#038;p=3249"},"modified":"2025-10-23T22:46:26","modified_gmt":"2025-10-23T20:46:26","slug":"zagrli-me-i-kreni-dalje","status":"publish","type":"product","link":"https:\/\/astroanama.com\/hr\/product\/zagrli-me-i-kreni-dalje\/","title":{"rendered":"Zagrli me i kreni dalje"},"content":{"rendered":"<p>Rije\u010di \u010desto izazivaju sna\u017ene uspomene u na\u0161im umovima i srcima. Kada uzmemo u ruku knjigu &#8220;Zagrli me i kreni dalje&#8221; i po\u010ditamo prve stranice, do\u017eivimo neo\u010dekivanu, pozitivnu reakciju, jer nas podsjeti na ono \u0161to je kod \u010dovjeka najva\u017enije i \u0161to ga pokre\u010de, a \u0161to smo zaboravili. Podsjeti nas na ljubav i na na\u0161e ljudsko dostojanstvo. Ljubav, koja je \u010desto bila zaboravljena i dostojanstvo, koje je bilo prega\u017eeno. Tada osjetimo potrebu da se i mi borimo za ljudsko dostojanstvo i osjetimo da smo i mi sami pozvani i po\u010da\u0161\u0107eni, da sudjelujemo u stvaranju nove vrste kjudi, koja \u0107e promijeniti na\u0161 zemaljski svijet. Ho\u0107e li donosioci svjetlosti, ro\u0111eni u periodu od 2010. do 2018. godine, po\u010deti slijediti nauke dobrote, milosti, humanosti i po\u0161tenja? Tko \u0107e se od njih pridru\u017eiti narodu &#8220;Ne mogu&#8221;, &#8220;Ne znam&#8221; ili onima iz naroda &#8220;Ne\u010du&#8221; &#8211; pitanje je koje autorica postavlja i sebi, i vama!? Svi odgovori nalaze se u ljudskima srcima, a \u010ditaju\u0107i ovu knjigu i vi po\u010dinjete u\u010destvovati u tra\u017eenju putova do vlastite ljubavi, kao jedinoj energiji koji upravlja na\u0161im \u017eivotima.<\/p>\n<p>&nbsp;<\/p>\n<p><b><a href=\"https:\/\/astroanama.com\/hr\/wp-content\/uploads\/sites\/2\/2021\/05\/200767702_4441714622528813_4661361820385424929_n.jpg\"><img fetchpriority=\"high\" decoding=\"async\" class=\"size-full wp-image-5422 aligncenter\" src=\"https:\/\/astroanama.com\/hr\/wp-content\/uploads\/sites\/2\/2021\/05\/200767702_4441714622528813_4661361820385424929_n.jpg\" alt=\"Zagrli me\" width=\"1000\" height=\"1000\" srcset=\"https:\/\/astroanama.com\/hr\/wp-content\/uploads\/sites\/2\/2021\/05\/200767702_4441714622528813_4661361820385424929_n.jpg 1000w, https:\/\/astroanama.com\/hr\/wp-content\/uploads\/sites\/2\/2021\/05\/200767702_4441714622528813_4661361820385424929_n-300x300.jpg 300w, https:\/\/astroanama.com\/hr\/wp-content\/uploads\/sites\/2\/2021\/05\/200767702_4441714622528813_4661361820385424929_n-150x150.jpg 150w, https:\/\/astroanama.com\/hr\/wp-content\/uploads\/sites\/2\/2021\/05\/200767702_4441714622528813_4661361820385424929_n-768x768.jpg 768w, https:\/\/astroanama.com\/hr\/wp-content\/uploads\/sites\/2\/2021\/05\/200767702_4441714622528813_4661361820385424929_n-12x12.jpg 12w, https:\/\/astroanama.com\/hr\/wp-content\/uploads\/sites\/2\/2021\/05\/200767702_4441714622528813_4661361820385424929_n-600x600.jpg 600w, https:\/\/astroanama.com\/hr\/wp-content\/uploads\/sites\/2\/2021\/05\/200767702_4441714622528813_4661361820385424929_n-100x100.jpg 100w\" sizes=\"(max-width: 1000px) 100vw, 1000px\" \/><\/a><\/b><\/p>\n<p>&nbsp;<\/p>\n<p>Udru\u017eujemo se svi mi, koji vidimo budu\u0107nost u zdravlju, u istini, u po\u0161tovanju ljudskog dostojanstva i pravu da svaki \u010dovek ima krov nad glavom i posao, preko kojeg mo\u017ee ostvariti svoje li\u010dne \u017eelje i ciljeve. Postanite i vi deo najja\u010de vojske, koja \u0107e se boriti za vra\u0107anje vere i volje za \u017eivotom. Pomozimo jedni drugima, da nam se vrati smisao do opstanka na toj na\u0161oj prelepoj planeti.<\/p>\n<p>Mi svi i vi svi, koji jo\u0161 verujemo u \u010dist i prirodan \u017eivot, \u0107emo napraviti sve \u0161to je mogu\u0107e, da \u017eivot na\u0161e dece i unuka, kao i svih budu\u0107ih rodova, bude bolji i lep\u0161i, nego je ovaj kako ga sada \u017eivimo.<\/p>\n<p><b>Prvi i osnovni uslov, da bi mogao Svemir zagrliti na\u0161u planetu je, da se \u010cOVEK NAU\u010cI ZAGRLITI \u010cOVEKA. <\/b><b>Ne \u010dekajmo, da o smislu \u017eivota razmi\u0161ljamo kasnije, jer \u010dovek ve\u0107 stoji na ivici svog li\u010dnog uni\u0161tenja.<\/b><\/p>\n<p>&nbsp;<\/p>\n<p><a href=\"https:\/\/astroanama.com\/hr\/wp-content\/uploads\/sites\/2\/2021\/05\/zagrli-me_knjiga-1.jpg\"><img decoding=\"async\" class=\"alignnone size-full wp-image-5426\" src=\"https:\/\/astroanama.com\/hr\/wp-content\/uploads\/sites\/2\/2021\/05\/zagrli-me_knjiga-1.jpg\" alt=\"\" width=\"1200\" height=\"797\" srcset=\"https:\/\/astroanama.com\/hr\/wp-content\/uploads\/sites\/2\/2021\/05\/zagrli-me_knjiga-1.jpg 1200w, https:\/\/astroanama.com\/hr\/wp-content\/uploads\/sites\/2\/2021\/05\/zagrli-me_knjiga-1-300x199.jpg 300w, https:\/\/astroanama.com\/hr\/wp-content\/uploads\/sites\/2\/2021\/05\/zagrli-me_knjiga-1-1024x680.jpg 1024w, https:\/\/astroanama.com\/hr\/wp-content\/uploads\/sites\/2\/2021\/05\/zagrli-me_knjiga-1-768x510.jpg 768w, https:\/\/astroanama.com\/hr\/wp-content\/uploads\/sites\/2\/2021\/05\/zagrli-me_knjiga-1-16x12.jpg 16w, https:\/\/astroanama.com\/hr\/wp-content\/uploads\/sites\/2\/2021\/05\/zagrli-me_knjiga-1-600x399.jpg 600w\" sizes=\"(max-width: 1200px) 100vw, 1200px\" \/><\/a><\/p>\n","protected":false},"excerpt":{"rendered":"<p>Knjiga \u201cZagrli me i kreni dalje\u201d predstavlja novu generaciju energija, skrivenih u djeci ro\u0111enoj u razdoblju 2010 \u2013 2018, za vrijeme Urana u Ovnu. Ta \u0107e djeca odvesti na\u0161 svijet u vi\u0161u dimenziju \u017eivota i otkriti nam sun\u010danu stranu \u010dovjeka.<\/p>\n","protected":false},"featured_media":3250,"comment_status":"open","ping_status":"closed","template":"","meta":{"cybocfi_hide_featured_image":""},"product_brand":[],"product_cat":[49],"product_tag":[],"class_list":{"0":"post-3249","1":"product","2":"type-product","3":"status-publish","4":"has-post-thumbnail","6":"product_cat-sve-knjige","7":"pa_jezik-hrvaski","9":"first","10":"instock","11":"purchasable","12":"product-type-simple"},"_links":{"self":[{"href":"https:\/\/astroanama.com\/hr\/wp-json\/wp\/v2\/product\/3249","targetHints":{"allow":["GET"]}}],"collection":[{"href":"https:\/\/astroanama.com\/hr\/wp-json\/wp\/v2\/product"}],"about":[{"href":"https:\/\/astroanama.com\/hr\/wp-json\/wp\/v2\/types\/product"}],"replies":[{"embeddable":true,"href":"https:\/\/astroanama.com\/hr\/wp-json\/wp\/v2\/comments?post=3249"}],"version-history":[{"count":0,"href":"https:\/\/astroanama.com\/hr\/wp-json\/wp\/v2\/product\/3249\/revisions"}],"wp:featuredmedia":[{"embeddable":true,"href":"https:\/\/astroanama.com\/hr\/wp-json\/wp\/v2\/media\/3250"}],"wp:attachment":[{"href":"https:\/\/astroanama.com\/hr\/wp-json\/wp\/v2\/media?parent=3249"}],"wp:term":[{"taxonomy":"product_brand","embeddable":true,"href":"https:\/\/astroanama.com\/hr\/wp-json\/wp\/v2\/product_brand?post=3249"},{"taxonomy":"product_cat","embeddable":true,"href":"https:\/\/astroanama.com\/hr\/wp-json\/wp\/v2\/product_cat?post=3249"},{"taxonomy":"product_tag","embeddable":true,"href":"https:\/\/astroanama.com\/hr\/wp-json\/wp\/v2\/product_tag?post=3249"}],"curies":[{"name":"wp","href":"https:\/\/api.w.org\/{rel}","templated":true}]}}