{"id":3272,"date":"2021-05-13T03:01:08","date_gmt":"2021-05-13T01:01:08","guid":{"rendered":"https:\/\/astroanama.com\/hr\/?post_type=product&#038;p=3272"},"modified":"2025-10-23T22:46:48","modified_gmt":"2025-10-23T20:46:48","slug":"macak-mao-i-baka-anka-pomagalka","status":"publish","type":"product","link":"https:\/\/astroanama.com\/hr\/product\/macak-mao-i-baka-anka-pomagalka\/","title":{"rendered":"Ma\u010dak Mao i baka Anka Pomagalka"},"content":{"rendered":"<p>Kada se djed nave\u010der vratio, u ku\u0107i nije bilo nikoga. Suncokreti su sjajili na krovu, zvjezdice su svjetlile na nebu, a na ljulja\u010dki iza ku\u0107e su sjedili baka i Ma\u010dak Mao. Zagrljeni, kao dva najbolja prijatelja. Kada je djed ugledao kako baka sjedi zagrljena s ma\u010dkom, usta su mu se razvukla u osmijeh. Ma\u010dak Mao je dva puta rekao mrnjau, polizao svoju desnu i lijevu mrlju u obliku srca na le\u0111ima i visoko posko\u010dio. &#8220;Sada \u0107e te, bako Anka Pomagalka, \u010duvati djed. Ja mogu oti\u0107i,&#8221; glasno je uzviknuo i nestao u no\u0107i.<\/p>\n<p>&nbsp;<\/p>\n<p><a href=\"https:\/\/astroanama.com\/hr\/wp-content\/uploads\/sites\/2\/2021\/06\/pravljice-900.jpg\"><img fetchpriority=\"high\" decoding=\"async\" class=\"size-full wp-image-5463 aligncenter\" src=\"https:\/\/astroanama.com\/hr\/wp-content\/uploads\/sites\/2\/2021\/06\/pravljice-900.jpg\" alt=\"\" width=\"900\" height=\"600\" srcset=\"https:\/\/astroanama.com\/hr\/wp-content\/uploads\/sites\/2\/2021\/06\/pravljice-900.jpg 900w, https:\/\/astroanama.com\/hr\/wp-content\/uploads\/sites\/2\/2021\/06\/pravljice-900-300x200.jpg 300w, https:\/\/astroanama.com\/hr\/wp-content\/uploads\/sites\/2\/2021\/06\/pravljice-900-768x512.jpg 768w, https:\/\/astroanama.com\/hr\/wp-content\/uploads\/sites\/2\/2021\/06\/pravljice-900-16x12.jpg 16w, https:\/\/astroanama.com\/hr\/wp-content\/uploads\/sites\/2\/2021\/06\/pravljice-900-600x400.jpg 600w\" sizes=\"(max-width: 900px) 100vw, 900px\" \/><\/a><\/p>\n","protected":false},"excerpt":{"rendered":"<p>Kroz dje\u010dje bajke koje Ana pi\u0161e, djeci i roditeljima otkriva se \u010dudesan vodi\u010d koji nas poziva i u\u010di da se odnosimo s ljubavlju i da \u0161titimo majku prirodu.<\/p>\n","protected":false},"featured_media":3273,"comment_status":"open","ping_status":"closed","template":"","meta":{"cybocfi_hide_featured_image":""},"product_brand":[],"product_cat":[49],"product_tag":[],"class_list":{"0":"post-3272","1":"product","2":"type-product","3":"status-publish","4":"has-post-thumbnail","6":"product_cat-sve-knjige","7":"pa_ilustracija-petra-prezelj","8":"pa_jezik-hrvaski","9":"pa_strani-110","10":"pa_vezava-trda","11":"pa_zalozba-drustvo-za-zascito-clovekovega-dostojanstva-in-boljso-kvaliteto-zivljenja-apis","13":"first","14":"instock","15":"purchasable","16":"product-type-simple"},"_links":{"self":[{"href":"https:\/\/astroanama.com\/hr\/wp-json\/wp\/v2\/product\/3272","targetHints":{"allow":["GET"]}}],"collection":[{"href":"https:\/\/astroanama.com\/hr\/wp-json\/wp\/v2\/product"}],"about":[{"href":"https:\/\/astroanama.com\/hr\/wp-json\/wp\/v2\/types\/product"}],"replies":[{"embeddable":true,"href":"https:\/\/astroanama.com\/hr\/wp-json\/wp\/v2\/comments?post=3272"}],"version-history":[{"count":0,"href":"https:\/\/astroanama.com\/hr\/wp-json\/wp\/v2\/product\/3272\/revisions"}],"wp:featuredmedia":[{"embeddable":true,"href":"https:\/\/astroanama.com\/hr\/wp-json\/wp\/v2\/media\/3273"}],"wp:attachment":[{"href":"https:\/\/astroanama.com\/hr\/wp-json\/wp\/v2\/media?parent=3272"}],"wp:term":[{"taxonomy":"product_brand","embeddable":true,"href":"https:\/\/astroanama.com\/hr\/wp-json\/wp\/v2\/product_brand?post=3272"},{"taxonomy":"product_cat","embeddable":true,"href":"https:\/\/astroanama.com\/hr\/wp-json\/wp\/v2\/product_cat?post=3272"},{"taxonomy":"product_tag","embeddable":true,"href":"https:\/\/astroanama.com\/hr\/wp-json\/wp\/v2\/product_tag?post=3272"}],"curies":[{"name":"wp","href":"https:\/\/api.w.org\/{rel}","templated":true}]}}