{"id":7756,"date":"2025-10-23T22:33:46","date_gmt":"2025-10-23T20:33:46","guid":{"rendered":"https:\/\/astroanama.com\/hr\/?post_type=product&#038;p=7756"},"modified":"2025-10-23T23:16:02","modified_gmt":"2025-10-23T21:16:02","slug":"prorocke-karte-deerlight","status":"publish","type":"product","link":"https:\/\/astroanama.com\/hr\/product\/prorocke-karte-deerlight\/","title":{"rendered":"Proro\u010dke karte DeerLight"},"content":{"rendered":"<p>Svaka karta je poput ogledala \u2013 u njoj se otkriva ono \u0161to je oduvijek bilo u nama.<br \/>\nProro\u010dke karte\u00a0<strong>DeerLight<\/strong>\u00a0nisu namijenjene predvi\u0111anju budu\u0107nosti, ve\u0107 otvaranju puta prema sebi.<br \/>\nOne su nje\u017ean kompas koji nas vodi da prepoznamo vlastite osje\u0107aje, strahove i snagu.<\/p>\n<p>Kada ih polo\u017eimo pred sebe, ne obra\u0107aju nam se naredbama, ve\u0107 simbolima i pitanjima.<br \/>\nNjihova snaga le\u017ei u ti\u0161ini koju stvaraju u nama \u2013 u trenutku kada se umirimo i dopustimo du\u0161i da nam \u0161apne svoj odgovor.<br \/>\nKarte nas u\u010de da su odgovori \u010desto ve\u0107 u nama samima \u2013 samo im trebamo pa\u017eljivo poslu\u0161ati.<\/p>\n<p>Johannes Kepler je jednom zapisao da je<\/p>\n<blockquote><p>\u201cAstrologija glupa k\u0107i mudre majke astronomije.\u201d<\/p><\/blockquote>\n<p>Njegova misao, o\u0161tra i mudra, i danas odjekuje kao podsjetnik na isprepletenost znanosti i simbolike.<\/p>\n<p>Kao odgovor na tu misao, rodila se moja:<\/p>\n<blockquote><p>\u201cProro\u010dke karte DeerLight su razigrane k\u0107eri mudre majke astrologije \u2013 ali i nje\u017ene pratilje koje nas vode prema jasno\u0107i i istini.\u201d<\/p><\/blockquote>\n<p>U tom duhu te pozivam da krene\u0161 na putovanje s kartama.<\/p>\n<p>Neka te dotaknu tamo gdje jesi \u2013 u radosti, pitanju, sumnji ili ti\u0161ini.<\/p>\n<p>Neka budu izvor tvog nadahnu\u0107a, ogledalo tvoje istine i svjetlost koja te podsje\u0107a da na svom putu nikada nisi sam\/a.<\/p>\n","protected":false},"excerpt":{"rendered":"<p>\u2013 55 godina iskustva u astrolo\u0161kom savjetovanju preto\u010deno je u ovaj jedinstveni set<br \/>\n\u2013 78 karata<br \/>\n\u2013 priru\u010dnik sa 280 stranica temeljitih obja\u0161njenja<br \/>\n\u2013 bar\u0161unasta vre\u0107ica za sigurno \u010duvanje karata i priru\u010dnika<br \/>\n\u2013 po\u0161tarina je uklju\u010dena u cijenu<\/p>\n","protected":false},"featured_media":7758,"comment_status":"open","ping_status":"closed","template":"","meta":{"cybocfi_hide_featured_image":""},"product_brand":[],"product_cat":[49],"product_tag":[],"class_list":{"0":"post-7756","1":"product","2":"type-product","3":"status-publish","4":"has-post-thumbnail","6":"product_cat-sve-knjige","7":"pa_jezik-hrvaski","9":"first","10":"instock","11":"purchasable","12":"product-type-simple"},"_links":{"self":[{"href":"https:\/\/astroanama.com\/hr\/wp-json\/wp\/v2\/product\/7756","targetHints":{"allow":["GET"]}}],"collection":[{"href":"https:\/\/astroanama.com\/hr\/wp-json\/wp\/v2\/product"}],"about":[{"href":"https:\/\/astroanama.com\/hr\/wp-json\/wp\/v2\/types\/product"}],"replies":[{"embeddable":true,"href":"https:\/\/astroanama.com\/hr\/wp-json\/wp\/v2\/comments?post=7756"}],"version-history":[{"count":0,"href":"https:\/\/astroanama.com\/hr\/wp-json\/wp\/v2\/product\/7756\/revisions"}],"wp:featuredmedia":[{"embeddable":true,"href":"https:\/\/astroanama.com\/hr\/wp-json\/wp\/v2\/media\/7758"}],"wp:attachment":[{"href":"https:\/\/astroanama.com\/hr\/wp-json\/wp\/v2\/media?parent=7756"}],"wp:term":[{"taxonomy":"product_brand","embeddable":true,"href":"https:\/\/astroanama.com\/hr\/wp-json\/wp\/v2\/product_brand?post=7756"},{"taxonomy":"product_cat","embeddable":true,"href":"https:\/\/astroanama.com\/hr\/wp-json\/wp\/v2\/product_cat?post=7756"},{"taxonomy":"product_tag","embeddable":true,"href":"https:\/\/astroanama.com\/hr\/wp-json\/wp\/v2\/product_tag?post=7756"}],"curies":[{"name":"wp","href":"https:\/\/api.w.org\/{rel}","templated":true}]}}